{"id":14411,"date":"2023-03-22T11:41:02","date_gmt":"2023-03-22T10:41:02","guid":{"rendered":"https:\/\/relaxed-joliot.195-78-12-156.plesk.page\/i-nostri-punti-vendita\/"},"modified":"2024-12-02T15:44:36","modified_gmt":"2024-12-02T14:44:36","slug":"i-nostri-punti-vendita","status":"publish","type":"page","link":"https:\/\/albanu.mc\/it\/i-nostri-punti-vendita\/","title":{"rendered":"I nostri punti vendita"},"content":{"rendered":"<div class=\"GutBanner  GutContainer-full\"><picture class=\"GutBanner-picture\"><source srcset=\"https:\/\/albanu.mc\/wp-content\/uploads\/2024\/06\/points-de-ventes-768x300.jpg\" media=\"(max-width: 768px)\"><source srcset=\"https:\/\/albanu.mc\/wp-content\/uploads\/2024\/06\/points-de-ventes-992x300.jpg\" media=\"(max-width: 992px)\"><source srcset=\"https:\/\/albanu.mc\/wp-content\/uploads\/2024\/06\/points-de-ventes.jpg\" media=\"(min-width: 993px)\"><img decoding=\"async\" class=\"GutBanner-img\" src=\"https:\/\/albanu.mc\/wp-content\/uploads\/2024\/06\/points-de-ventes.jpg\" alt=\"Points de vente \/ stores\" \/><\/picture><div class=\"GutBanner-inner\"><\/div><\/div>\n\n<div class=\"GutText  GutContainer-full\"><div class=\"GutText-inner\"><div class=\"GutText-wysiwyg Content\"><h4>I nostri punti vendita<\/h4>\n<p>I punti vendita Albanu sono situati in tutta Europa, tra le migliori gioiellerie francesi ed europee. Ogni punto vendita \u00e8 accuratamente selezionato per riflettere l&#8217;esclusivit\u00e0 e l&#8217;eleganza delle creazioni Albanu, offrendo ai clienti un accesso privilegiato a pezzi di rara bellezza e di qualit\u00e0 eccezionale. Le gioiellerie partner di Albanu sono gioielli di raffinatezza nelle citt\u00e0 pi\u00f9 emblematiche della Francia, tra cui Parigi, Lione, Marsiglia, Bordeaux e Nizza, situate in quartieri prestigiosi dove arte e moda si incontrano. Ogni boutique \u00e8 arredata con gusto e crea un&#8217;atmosfera che mette in mostra le creazioni uniche del marchio. In Europa, Albanu \u00e8 presente anche in capitali della moda come Milano, Londra, Madrid e Berlino. Questi punti vendita sono destinazioni popolari per gli amanti dei gioielli che cercano esclusivit\u00e0 e originalit\u00e0.<br \/>\nLe boutique Albanu di Milano, ad esempio, affascinano i visitatori con il loro ambiente sofisticato e la presentazione meticolosa delle collezioni. Le gioiellerie partner di Albanu non sono solo luoghi in cui fare acquisti, ma anche spazi in cui si celebra l&#8217;arte del gioiello. Ogni sede viene scelta per il suo prestigio e per il suo impegno verso l&#8217;eccellenza, offrendo ai clienti un&#8217;esperienza di acquisto eccezionale. Consulenti ed esperti di gioielleria sono formati per guidare i clienti attraverso le diverse collezioni, mettendo in evidenza i dettagli e la meticolosa lavorazione artigianale di ogni pezzo. Le vetrine delle gioiellerie Albanu sono vere e proprie mostre di creativit\u00e0 e artigianalit\u00e0. Le creazioni del marchio, che si tratti di anelli scintillanti, collane maestose, bracciali delicati o orecchini ornati, affascinano per la loro bellezza senza tempo e il design innovativo.<br \/>\nOgni pezzo \u00e8 il risultato di un processo meticoloso in cui la passione per l&#8217;arte della gioielleria incontra materiali di alta qualit\u00e0. La reputazione di Albanu come casa di gioielli di fama internazionale \u00e8 solidamente consolidata nei suoi punti vendita al dettaglio in tutta Europa. Ogni gioielleria partner viene selezionata con cura per il suo patrimonio e il suo impegno verso l&#8217;eccellenza, garantendo ai clienti non solo un prodotto eccezionale, ma anche un servizio clienti impeccabile. I negozi Albanu sono anche luoghi in cui innovazione e tradizione si incontrano. Le collezioni del marchio celebrano sia le tecniche di gioielleria tradizionali che le tendenze contemporanee, offrendo ai clienti una gamma di scelte che combinano classicit\u00e0 e modernit\u00e0. Visitando le gioiellerie partner di Albanu in tutta Europa, i clienti entrano in un mondo di lusso e raffinatezza. Ogni esperienza di shopping \u00e8 un invito a scoprire pezzi unici che testimoniano il talento artistico e la competenza tecnica che definiscono <a href=\"https:\/\/www.instagram.com\/albanu1928\/\" target=\"_blank\" rel=\"noopener\">Albanu<\/a> come marchio leader nel settore della gioielleria. In conclusione, <a href=\"https:\/\/albanu.mc\/nos-points-de-vente\/\">i punti vendita<\/a> Albanu in tutta Europa incarnano l&#8217;essenza stessa del lusso e dell&#8217;eleganza.<\/p>\n<p>Situati in alcune delle pi\u00f9 belle gioiellerie di Francia e d&#8217;Europa, questi spazi offrono ai clienti la possibilit\u00e0 di immergersi in un mondo in cui bellezza, qualit\u00e0 e competenza si fondono per creare gioielli eccezionali. Ogni visita \u00e8 un&#8217;esperienza arricchente che permette agli amanti dei gioielli di scoprire e apprezzare il meglio che il marchio Albanu ha da offrire.<\/p>\n<\/div><\/div><\/div>","protected":false},"excerpt":{"rendered":"","protected":false},"author":1,"featured_media":0,"parent":0,"menu_order":0,"comment_status":"closed","ping_status":"closed","template":"","meta":{"_acf_changed":false,"inline_featured_image":false,"footnotes":""},"class_list":["post-14411","page","type-page","status-publish","hentry"],"acf":[],"_links":{"self":[{"href":"https:\/\/albanu.mc\/it\/wp-json\/wp\/v2\/pages\/14411","targetHints":{"allow":["GET"]}}],"collection":[{"href":"https:\/\/albanu.mc\/it\/wp-json\/wp\/v2\/pages"}],"about":[{"href":"https:\/\/albanu.mc\/it\/wp-json\/wp\/v2\/types\/page"}],"author":[{"embeddable":true,"href":"https:\/\/albanu.mc\/it\/wp-json\/wp\/v2\/users\/1"}],"replies":[{"embeddable":true,"href":"https:\/\/albanu.mc\/it\/wp-json\/wp\/v2\/comments?post=14411"}],"version-history":[{"count":3,"href":"https:\/\/albanu.mc\/it\/wp-json\/wp\/v2\/pages\/14411\/revisions"}],"predecessor-version":[{"id":14683,"href":"https:\/\/albanu.mc\/it\/wp-json\/wp\/v2\/pages\/14411\/revisions\/14683"}],"wp:attachment":[{"href":"https:\/\/albanu.mc\/it\/wp-json\/wp\/v2\/media?parent=14411"}],"curies":[{"name":"wp","href":"https:\/\/api.w.org\/{rel}","templated":true}]}}