{"id":12096,"date":"2023-03-21T10:17:12","date_gmt":"2023-03-21T09:17:12","guid":{"rendered":"http:\/\/localhost:10023\/informativa-sulla-privacy\/"},"modified":"2024-11-05T15:42:42","modified_gmt":"2024-11-05T14:42:42","slug":"informativa-sulla-privacy","status":"publish","type":"page","link":"https:\/\/albanu.mc\/it\/informativa-sulla-privacy\/","title":{"rendered":"Informativa sulla privacy"},"content":{"rendered":"<div class=\"GutText  GutContainer-full\"><div class=\"GutText-inner\"><div class=\"GutText-wysiwyg Content\"><p><!-- wp:heading --><\/p>\n<h4>Informativa sulla privacy<\/h4>\n<h3><\/h3>\n<h5 class=\"wp-block-heading\" style=\"text-align: justify;\">Chi siamo?<\/h5>\n<p style=\"text-align: justify;\"><!-- \/wp:heading --> <!-- wp:paragraph --><\/p>\n<p style=\"text-align: justify;\">L&#8217;indirizzo del nostro sito web \u00e8: <a href=\"https:\/\/relaxed-joliot.195-78-12-156.plesk.page\/it\/\" target=\"_blank\" rel=\"noopener\">https:\/\/relaxed-joliot.195-78-12-156.plesk.page\/it\/<\/a><\/p>\n<p style=\"text-align: justify;\"><!-- \/wp:paragraph --> <!-- wp:heading --><\/p>\n<h5 class=\"wp-block-heading\" style=\"text-align: justify;\">Valutazione<\/h5>\n<p style=\"text-align: justify;\"><!-- \/wp:heading --> <!-- wp:paragraph --><\/p>\n<p style=\"text-align: justify;\">Quando lasci un commento sul nostro sito, i dati inseriti nel modulo di commento, cos\u00ec come il tuo indirizzo IP e l&#8217;agente utente del tuo browser, vengono raccolti per aiutarci a rilevare i commenti indesiderati.<\/p>\n<p style=\"text-align: justify;\"><!-- \/wp:paragraph --> <!-- wp:paragraph --><\/p>\n<p style=\"text-align: justify;\">Una stringa anonima creata dal tuo indirizzo e-mail (nota anche come hash) pu\u00f2 essere inviata al servizio Gravatar per verificare se stai utilizzando il servizio Gravatar. L&#8217;informativa sulla privacy per il servizio Gravatar \u00e8 disponibile qui: <a href=\"https:\/\/automattic.com\/privacy\/\" target=\"_blank\" rel=\"noopener\">https:\/\/automattic.com\/privacy\/<\/a>. Dopo aver convalidato il tuo commento, la tua immagine del profilo sar\u00e0 visibile pubblicamente accanto al tuo commento.<\/p>\n<p style=\"text-align: justify;\"><!-- \/wp:paragraph --> <!-- wp:heading --><\/p>\n<h5 class=\"wp-block-heading\" style=\"text-align: justify;\">Media<\/h5>\n<p style=\"text-align: justify;\"><!-- \/wp:heading --> <!-- wp:paragraph --><\/p>\n<p style=\"text-align: justify;\">Se carichi immagini sul sito, ti consigliamo di evitare di caricare immagini che contengono dati EXIF dalle coordinate GPS. Le persone che visitano il tuo sito possono scaricare ed estrarre i dati sulla posizione da queste immagini.<\/p>\n<p style=\"text-align: justify;\"><!-- \/wp:paragraph --> <!-- wp:heading --><\/p>\n<h5 class=\"wp-block-heading\" style=\"text-align: justify;\">Biscotti<\/h5>\n<p style=\"text-align: justify;\"><!-- \/wp:heading --> <!-- wp:paragraph --><\/p>\n<p style=\"text-align: justify;\">Se lasci un commento sul nostro sito, ti verr\u00e0 proposto di memorizzare il tuo nome, indirizzo email e sito nei cookie in totale riservatezza. Questo \u00e8 solo per tua comodit\u00e0 in modo da non dover inserire queste informazioni se lasci un altro commento in un secondo momento. Questi cookie scadono dopo un anno.<\/p>\n<p style=\"text-align: justify;\"><!-- \/wp:paragraph --> <!-- wp:paragraph --><\/p>\n<p style=\"text-align: justify;\">Se accedi alla pagina di accesso, verr\u00e0 creato un cookie temporaneo per determinare se il tuo browser accetta i cookie. Non contiene dati personali e verr\u00e0 cancellato automaticamente alla chiusura del browser.<\/p>\n<p style=\"text-align: justify;\"><!-- \/wp:paragraph --> <!-- wp:paragraph --><\/p>\n<p style=\"text-align: justify;\">Quando l&#8217;utente effettua l&#8217;accesso, imposteremo una serie di cookie per memorizzare le informazioni di accesso e le preferenze dello schermo in modo riservato. La durata di un cookie di accesso \u00e8 di due giorni, quella di un cookie di opzione dello schermo \u00e8 di un anno. Se selezioni &#8220;Ricordami&#8221;, il tuo cookie di accesso verr\u00e0 memorizzato per due settimane. Se l&#8217;utente si disconnette dal proprio account, il cookie di accesso verr\u00e0 eliminato.<\/p>\n<p style=\"text-align: justify;\"><!-- \/wp:paragraph --> <!-- wp:paragraph --><\/p>\n<p style=\"text-align: justify;\">Quando modifichi o pubblichi un post, un cookie aggiuntivo verr\u00e0 memorizzato nel tuo browser. Questo cookie non include alcun dato personale. Mostra semplicemente l&#8217;ID del post che hai appena modificato. Scade dopo un giorno.<\/p>\n<p style=\"text-align: center;\"><!-- \/wp:paragraph --> <!-- wp:heading --><\/p>\n<h5 class=\"wp-block-heading\" style=\"text-align: justify;\">Contenuto incorporato da altri siti<\/h5>\n<p style=\"text-align: justify;\"><!-- \/wp:heading --> <!-- wp:paragraph --><\/p>\n<p style=\"text-align: justify;\">Gli articoli di questo sito possono includere contenuti incorporati (ad es. video, immagini, articoli, ecc.). Il contenuto incorporato da altri siti si comporta come se il visitatore stesse visitando quell&#8217;altro sito.<\/p>\n<p style=\"text-align: justify;\"><!-- \/wp:paragraph --> <!-- wp:paragraph --><\/p>\n<p style=\"text-align: justify;\">Questi siti Web possono raccogliere dati su di te, utilizzare cookie, incorporare strumenti di tracciamento di terze parti, tracciare le tue interazioni con questi contenuti incorporati se hai un account connesso sul loro sito web.<\/p>\n<p style=\"text-align: justify;\"><!-- \/wp:paragraph --> <!-- wp:heading --><\/p>\n<h5 class=\"wp-block-heading\" style=\"text-align: justify;\">Utilizzo e divulgazione dei dati personali dell&#8217;utente<\/h5>\n<p style=\"text-align: justify;\"><!-- \/wp:heading --> <!-- wp:paragraph --><\/p>\n<p style=\"text-align: justify;\">Se richiedi la reimpostazione della password, il tuo indirizzo IP verr\u00e0 incluso nell&#8217;e-mail di reimpostazione in via confidenziale.<\/p>\n<p style=\"text-align: justify;\"><!-- \/wp:paragraph --> <!-- wp:heading --><\/p>\n<h5 class=\"wp-block-heading\" style=\"text-align: justify;\">Per quanto tempo vengono conservati i dati<\/h5>\n<p style=\"text-align: justify;\"><!-- \/wp:heading --> <!-- wp:paragraph --><\/p>\n<p style=\"text-align: justify;\">Se lasci un commento, il commento e i relativi metadati vengono conservati a tempo indeterminato. In questo modo \u00e8 possibile riconoscere e approvare automaticamente i commenti successivi invece di lasciarli nella coda di moderazione.<\/p>\n<p style=\"text-align: justify;\"><!-- \/wp:paragraph --> <!-- wp:paragraph --><\/p>\n<p style=\"text-align: justify;\">Per gli account che si registrano sul nostro sito (se presenti), conserviamo anche i dati personali indicati nel loro profilo. Tutti gli account possono visualizzare, modificare o eliminare le proprie informazioni personali in qualsiasi momento (ad eccezione del proprio accesso). Anche i gestori del sito possono visualizzare e modificare queste informazioni.<\/p>\n<p style=\"text-align: center;\"><!-- \/wp:paragraph --> <!-- wp:heading --><\/p>\n<h5 class=\"wp-block-heading\" style=\"text-align: justify;\">I diritti dell&#8217;utente sui propri dati<\/h5>\n<p style=\"text-align: justify;\"><!-- \/wp:heading --> <!-- wp:paragraph --><\/p>\n<p style=\"text-align: justify;\">Se hai un account o hai lasciato commenti sul sito, puoi richiedere di ricevere un file contenente tutti i dati personali che abbiamo su di te, inclusi i dati personali che ci hai fornito. L&#8217;utente pu\u00f2 anche richiedere la cancellazione dei dati personali che lo riguardano. Ci\u00f2 non tiene conto dei dati memorizzati per scopi amministrativi, legali o di sicurezza.<\/p>\n<p style=\"text-align: center;\"><!-- \/wp:paragraph --> <!-- wp:heading --><\/p>\n<h5 class=\"wp-block-heading\" style=\"text-align: justify;\">Dove vengono inviati i tuoi dati<\/h5>\n<p style=\"text-align: justify;\"><!-- \/wp:heading --> <!-- wp:paragraph --><\/p>\n<p style=\"text-align: justify;\">I commenti dei visitatori possono essere controllati utilizzando un servizio di rilevamento automatico dello spam.<!-- \/wp:paragraph --><\/p>\n<\/div><\/div><\/div>\n\n<div class=\"GutImage  GutContainer-full\"><div class=\"GutImage-container\"><picture class=\"GutImage-pic\"><source srcset=\"https:\/\/albanu.mc\/wp-content\/uploads\/2024\/06\/confidentialite-768x360.jpg\" media=\"(max-width: 768px)\"><source srcset=\"https:\/\/albanu.mc\/wp-content\/uploads\/2024\/06\/confidentialite-992x465.jpg\" media=\"(max-width: 992px)\"><source srcset=\"https:\/\/albanu.mc\/wp-content\/uploads\/2024\/06\/confidentialite.jpg\" media=\"(min-width: 993px)\"><img decoding=\"async\" class=\"GutImage-img\" src=\"https:\/\/albanu.mc\/wp-content\/uploads\/2024\/06\/confidentialite.jpg\" alt=\"\" \/><\/picture><\/div><\/div>","protected":false},"excerpt":{"rendered":"","protected":false},"author":1,"featured_media":0,"parent":0,"menu_order":0,"comment_status":"closed","ping_status":"open","template":"","meta":{"_acf_changed":false,"inline_featured_image":false,"footnotes":""},"class_list":["post-12096","page","type-page","status-publish","hentry"],"acf":[],"_links":{"self":[{"href":"https:\/\/albanu.mc\/it\/wp-json\/wp\/v2\/pages\/12096","targetHints":{"allow":["GET"]}}],"collection":[{"href":"https:\/\/albanu.mc\/it\/wp-json\/wp\/v2\/pages"}],"about":[{"href":"https:\/\/albanu.mc\/it\/wp-json\/wp\/v2\/types\/page"}],"author":[{"embeddable":true,"href":"https:\/\/albanu.mc\/it\/wp-json\/wp\/v2\/users\/1"}],"replies":[{"embeddable":true,"href":"https:\/\/albanu.mc\/it\/wp-json\/wp\/v2\/comments?post=12096"}],"version-history":[{"count":2,"href":"https:\/\/albanu.mc\/it\/wp-json\/wp\/v2\/pages\/12096\/revisions"}],"predecessor-version":[{"id":14371,"href":"https:\/\/albanu.mc\/it\/wp-json\/wp\/v2\/pages\/12096\/revisions\/14371"}],"wp:attachment":[{"href":"https:\/\/albanu.mc\/it\/wp-json\/wp\/v2\/media?parent=12096"}],"curies":[{"name":"wp","href":"https:\/\/api.w.org\/{rel}","templated":true}]}}