{"id":12088,"date":"2023-03-23T14:48:29","date_gmt":"2023-03-23T13:48:29","guid":{"rendered":"http:\/\/localhost:10023\/impegno\/"},"modified":"2024-10-30T11:46:37","modified_gmt":"2024-10-30T10:46:37","slug":"impegno","status":"publish","type":"page","link":"https:\/\/albanu.mc\/it\/impegno\/","title":{"rendered":"Impegno"},"content":{"rendered":"<div class=\"GutText  GutContainer-full\"><div class=\"GutText-inner\"><div class=\"GutText-wysiwyg Content\"><h5 style=\"text-align: justify;\">L&#8217;impegno di Albanu: protezione e tracciabilit\u00e0 attraverso la Albanu Wildlife Foundation<\/h5>\n<p style=\"text-align: justify;\">Sin dalla sua creazione nel 1928, Albanu ha incarnato l&#8217;eccellenza e l&#8217;innovazione nel mondo della gioielleria. Nel 2020, la casa ha fatto un nuovo passo fondando la <a href=\"https:\/\/fr.thealbanufoundation.org\" target=\"_blank\" rel=\"noopener\">Albanu Wildlife Foundation<\/a>, un impegno visionario dedicato alla protezione di elefanti e rinoceronti nell&#8217;Africa meridionale. Albanu \u00e8 fermamente impegnata nella salvaguardia di queste specie minacciate dal bracconaggio e dalla distruzione del loro habitat naturale.<\/p>\n<h6 style=\"text-align: justify;\">Protezione delle specie minacciate di estinzione<\/h6>\n<p style=\"text-align: justify;\">Attraverso la <a href=\"https:\/\/albanu.mc\/it\/impegno\/albanu-wildlife-fondazione\/\">Albanu Wildlife Foundation<\/a>, Albanu mette in atto azioni concrete ed efficaci per la conservazione della fauna selvatica. Per finanziare queste iniziative, Albanu dona dal 10 al 50% delle vendite di alcuni dei suoi braccialetti, permettendo ai suoi clienti di contribuire direttamente alla protezione e alla sopravvivenza di elefanti e rinoceronti. Questo impegno si riflette in programmi anti-bracconaggio, progetti di ripristino degli habitat e iniziative educative per sensibilizzare le comunit\u00e0 locali sulla conservazione della biodiversit\u00e0.<\/p>\n<h6 style=\"text-align: justify;\">Tracciabilit\u00e0 del prodotto e origine dei materiali<\/h6>\n<p style=\"text-align: justify;\">Albanu si impegna inoltre a garantire la tracciabilit\u00e0 dei propri prodotti assicurando <a href=\"https:\/\/albanu.mc\/it\/impegno\/origine\/\">un&#8217;origine<\/a> etica e responsabile dei materiali utilizzati. Ogni materiale \u2013 che si tratti di pelo di elefante, pelo di giraffa, corno di bufalo, crine di cavallo, pelle di mela, pelo di mammut o perla di Tahiti \u2013 \u00e8 selezionato con la massima cura, nel rispetto degli standard di sostenibilit\u00e0 e conservazione. Questa tracciabilit\u00e0 non solo garantisce l&#8217;autenticit\u00e0 e la qualit\u00e0 dei gioielli, ma garantisce anche che la loro produzione contribuisca a pratiche rispettose dell&#8217;ambiente e degli animali.<\/p>\n<h6 style=\"text-align: justify;\">Un approccio etico e responsabile<\/h6>\n<p style=\"text-align: justify;\">Scegliendo le creazioni Albanu, non solo sostenete un&#8217;eccezionale maestria artigianale, ma partecipate anche a un approccio etico e responsabile. Albanu si impegna a coniugare bellezza, innovazione e rispetto per la natura, impegnandosi attivamente nella tutela della fauna selvatica e garantendo la totale trasparenza sull&#8217;origine delle proprie materie prime.<\/p>\n<p style=\"text-align: justify;\">Scopri il mondo di Albanu e unisciti a noi in questa avventura dedicata alla conservazione e alla conservazione dei tesori naturali del nostro pianeta. Insieme, facciamo la differenza per le generazioni future.<\/p>\n<\/div><\/div><\/div>\n\n<div class=\"GutVideo BgColor\"><div class=\"GutContainer-full\"><div class=\"GutVideo-inner __video_parent\"><picture class=\"GutVideo-pic __video_open\"><source srcset=\"https:\/\/albanu.mc\/wp-content\/uploads\/2024\/02\/Sans-titre-3-1-768x433.png\" media=\"(max-width: 768px)\"><source srcset=\"https:\/\/albanu.mc\/wp-content\/uploads\/2024\/02\/Sans-titre-3-1-992x559.png\" media=\"(max-width: 992px)\"><source srcset=\"https:\/\/albanu.mc\/wp-content\/uploads\/2024\/02\/Sans-titre-3-1.png\" media=\"(min-width: 993px)\"><img decoding=\"async\" class=\"GutVideo-img\" src=\"https:\/\/albanu.mc\/wp-content\/uploads\/2024\/02\/Sans-titre-3-1.png\" alt=\"Albanu Wildlife Foundation \/ Engagement\" \/><\/picture><video class=\"GutVideo-in __video_in\" controls><source src=\"https:\/\/albanu.mc\/wp-content\/uploads\/2024\/02\/AWF-FR.mp4\" type=\"video\/mp4\"><\/video><\/div><\/div><\/div>","protected":false},"excerpt":{"rendered":"","protected":false},"author":1,"featured_media":0,"parent":0,"menu_order":0,"comment_status":"closed","ping_status":"closed","template":"","meta":{"_acf_changed":false,"inline_featured_image":false,"footnotes":""},"class_list":["post-12088","page","type-page","status-publish","hentry"],"acf":[],"_links":{"self":[{"href":"https:\/\/albanu.mc\/it\/wp-json\/wp\/v2\/pages\/12088","targetHints":{"allow":["GET"]}}],"collection":[{"href":"https:\/\/albanu.mc\/it\/wp-json\/wp\/v2\/pages"}],"about":[{"href":"https:\/\/albanu.mc\/it\/wp-json\/wp\/v2\/types\/page"}],"author":[{"embeddable":true,"href":"https:\/\/albanu.mc\/it\/wp-json\/wp\/v2\/users\/1"}],"replies":[{"embeddable":true,"href":"https:\/\/albanu.mc\/it\/wp-json\/wp\/v2\/comments?post=12088"}],"version-history":[{"count":2,"href":"https:\/\/albanu.mc\/it\/wp-json\/wp\/v2\/pages\/12088\/revisions"}],"predecessor-version":[{"id":14201,"href":"https:\/\/albanu.mc\/it\/wp-json\/wp\/v2\/pages\/12088\/revisions\/14201"}],"wp:attachment":[{"href":"https:\/\/albanu.mc\/it\/wp-json\/wp\/v2\/media?parent=12088"}],"curies":[{"name":"wp","href":"https:\/\/api.w.org\/{rel}","templated":true}]}}