{"id":12078,"date":"2023-03-23T14:51:11","date_gmt":"2023-03-23T13:51:11","guid":{"rendered":"http:\/\/localhost:10023\/origine\/"},"modified":"2024-10-30T11:49:48","modified_gmt":"2024-10-30T10:49:48","slug":"origine","status":"publish","type":"page","link":"https:\/\/albanu.mc\/it\/impegno\/origine\/","title":{"rendered":"Origine"},"content":{"rendered":"<div class=\"GutCol2  GutContainer-full\"><div class=\"GutCol2-container\"><div class=\"GutCol2-wrap GutCol2-blocTexteLeft\"><div class=\"GutCol2-blocTexte--inner\"><div class=\"GutCol2-text Content\"><h6 style=\"text-align: justify;\">Creazioni etiche<\/h6>\n<h4 style=\"text-align: justify;\">L&#8217;origine delle materie prime<\/h4>\n<p style=\"text-align: justify;\">L&#8217;artigianato a volte offre di combinare la creativit\u00e0 sfrenata con l&#8217;abilit\u00e0 tecnica che celebra il know-how umano. \u00c8 quello che succede quando le mani degli artigiani della Maison Albanu lavorano intorno al pelo di elefante delicatamente raccolto dalla terra per rispettare un&#8217;originale etica del lavoro che unisce un approccio non violento e un autentico omaggio a questo animale totem.<\/p>\n<p style=\"text-align: justify;\">Con la propria<a href=\"https:\/\/cites.org\/eng\/disc\/what.php\" target=\"_blank\" rel=\"noopener\"> CITES<\/a>, ogni creazione dei laboratori Albanu riceve la pi\u00f9 rigorosa garanzia di provenienza dalla Convenzione di Washington che disciplina il commercio delle specie protette.<\/p>\n<p style=\"text-align: justify;\">I bracciali Albanu sono accompagnati da una garanzia di origine su ciascuno dei materiali naturali utilizzati nella loro fabbricazione, ovvero:<br \/>\n\u00b7 I peli di <a href=\"https:\/\/albanu.mc\/it\/boutique\/bracciali\/bracciale-in-pelo-di-elefante\/\">elefante<\/a> e <a href=\"https:\/\/albanu.mc\/it\/boutique\/bracciali\/bracciale-di-capelli-di-giraffa\/\">giraffa<\/a> provengono da 4 paesi africani (Sudafrica, Namibia, Zimbabwe e Botswana).<br \/>\n<a href=\"https:\/\/albanu.mc\/it\/boutique\/bracciali\/bracciale-in-crine-di-cavallo\/\">Crine di cavallo<\/a> originario della Mongolia<br \/>\n\u00b7 <a href=\"https:\/\/albanu.mc\/it\/boutique\/bracciali\/bracciale-in-corno-di-bufalo\/\">Corno di bufalo<\/a> da allevamento vietnamita<\/p>\n<p style=\"text-align: justify;\">Dal team di vendita al management di Albanu, tutti i dipendenti della Maison si uniscono ai suoi artigiani nell&#8217;esprimere un orgoglio comune, nato da una base di valori coronati da un&#8217;estetica unica: quelli degli intramontabili bracciali in pelo di elefante portafortuna.<\/p>\n<\/div><\/div><\/div><div class=\"GutCol2-wrap GutCol2-blocImage Right\"><picture class=\"GutCol2-picture\" ><img src = \"https:\/\/albanu.mc\/wp-content\/uploads\/2023\/06\/Sans-titre-19-588x480.jpg\" alt = \"origin \/ provenance\" \/><\/picture ><\/div ><\/div><\/div>\n\n<div class=\"GutImage  GutContainer-full\"><div class=\"GutImage-container\"><picture class=\"GutImage-pic\"><source srcset=\"https:\/\/albanu.mc\/wp-content\/uploads\/2023\/06\/20-768x360.jpg\" media=\"(max-width: 768px)\"><source srcset=\"https:\/\/albanu.mc\/wp-content\/uploads\/2023\/06\/20-992x465.jpg\" media=\"(max-width: 992px)\"><source srcset=\"https:\/\/albanu.mc\/wp-content\/uploads\/2023\/06\/20.jpg\" media=\"(min-width: 993px)\"><img decoding=\"async\" class=\"GutImage-img\" src=\"https:\/\/albanu.mc\/wp-content\/uploads\/2023\/06\/20.jpg\" alt=\"provenance \/ origin\" \/><\/picture><div class=\"GutImage-creditphoto\">\u00a9 Margaux Claret<\/div><\/div><\/div>","protected":false},"excerpt":{"rendered":"","protected":false},"author":1,"featured_media":0,"parent":12088,"menu_order":0,"comment_status":"closed","ping_status":"closed","template":"","meta":{"_acf_changed":false,"inline_featured_image":false,"footnotes":""},"class_list":["post-12078","page","type-page","status-publish","hentry"],"acf":[],"_links":{"self":[{"href":"https:\/\/albanu.mc\/it\/wp-json\/wp\/v2\/pages\/12078","targetHints":{"allow":["GET"]}}],"collection":[{"href":"https:\/\/albanu.mc\/it\/wp-json\/wp\/v2\/pages"}],"about":[{"href":"https:\/\/albanu.mc\/it\/wp-json\/wp\/v2\/types\/page"}],"author":[{"embeddable":true,"href":"https:\/\/albanu.mc\/it\/wp-json\/wp\/v2\/users\/1"}],"replies":[{"embeddable":true,"href":"https:\/\/albanu.mc\/it\/wp-json\/wp\/v2\/comments?post=12078"}],"version-history":[{"count":2,"href":"https:\/\/albanu.mc\/it\/wp-json\/wp\/v2\/pages\/12078\/revisions"}],"predecessor-version":[{"id":14204,"href":"https:\/\/albanu.mc\/it\/wp-json\/wp\/v2\/pages\/12078\/revisions\/14204"}],"up":[{"embeddable":true,"href":"https:\/\/albanu.mc\/it\/wp-json\/wp\/v2\/pages\/12088"}],"wp:attachment":[{"href":"https:\/\/albanu.mc\/it\/wp-json\/wp\/v2\/media?parent=12078"}],"curies":[{"name":"wp","href":"https:\/\/api.w.org\/{rel}","templated":true}]}}