{"id":12074,"date":"2023-03-23T14:50:06","date_gmt":"2023-03-23T13:50:06","guid":{"rendered":"http:\/\/localhost:10023\/albanu-wildlife-fondazione\/"},"modified":"2025-07-10T16:52:34","modified_gmt":"2025-07-10T14:52:34","slug":"albanu-wildlife-fondazione","status":"publish","type":"page","link":"https:\/\/albanu.mc\/it\/impegno\/albanu-wildlife-fondazione\/","title":{"rendered":"Fondazione per la fauna selvatica di Albanu"},"content":{"rendered":"<div class=\"GutCol2  GutContainer-full\"><div class=\"GutCol2-container\"><div class=\"GutCol2-wrap GutCol2-blocImage Right\"><picture class=\"GutCol2-picture\" ><img src = \"\" alt = \"Albanu Wildlife Foundation\" \/><\/picture ><span class=\"GutCol2-credit\" > \u00a9 Margaux Claret<\/span><\/div ><\/div><\/div><div class=\"GutQuote BgColor GutContainer-full\"><div class=\"GutQuote-content\"><div class=\"GutQuote-intro\">Ragion d&#8217;essere<\/div><div class=\"GutQuote-text Content\"><p style=\"text-align: justify;\">Al di l\u00e0 della straordinaria simbologia dell&#8217;elefante africano, \u00e8 la profonda preoccupazione per la minaccia di estinzione di questa maestosa creatura, la cui sopravvivenza \u00e8 cruciale per un fragile ecosistema, che ha rafforzato la determinazione della Albanu Wildlife Foundation, spingendola addirittura a raddoppiare i suoi sforzi. Quella che era iniziata come un&#8217;iniziativa per salvare e facilitare l&#8217;adattamento dei pachidermi africani a uno stile di vita in armonia con le specie circostanti, compresa l&#8217;umanit\u00e0, si \u00e8 evoluta in una missione pi\u00f9 ampia, che comprende la protezione di tutte le specie in via di estinzione nel continente africano. La Fondazione si impegna quindi a salvaguardare la biodiversit\u00e0 africana nel suo complesso.  <\/p>\n<p style=\"text-align: left;\">\n<\/div><\/div><\/div><div class=\"GutVideo \"><div class=\"GutContainer-full\"><div class=\"GutVideo-inner __video_parent\"><picture class=\"GutVideo-pic __video_open\"><source srcset=\"https:\/\/albanu.mc\/wp-content\/uploads\/2024\/02\/Sans-titre-3-1-768x433.png\" media=\"(max-width: 768px)\"><source srcset=\"https:\/\/albanu.mc\/wp-content\/uploads\/2024\/02\/Sans-titre-3-1-992x559.png\" media=\"(max-width: 992px)\"><source srcset=\"https:\/\/albanu.mc\/wp-content\/uploads\/2024\/02\/Sans-titre-3-1.png\" media=\"(min-width: 993px)\"><img decoding=\"async\" class=\"GutVideo-img\" src=\"https:\/\/albanu.mc\/wp-content\/uploads\/2024\/02\/Sans-titre-3-1.png\" alt=\"Albanu Wildlife Foundation \/ Engagement\" \/><\/picture><video class=\"GutVideo-in __video_in\" controls><source src=\"https:\/\/albanu.mc\/wp-content\/uploads\/2024\/02\/AWF-FR.mp4\" type=\"video\/mp4\"><\/video><\/div><\/div><\/div><div class=\"GutInformations GutContainer-full \"><div class=\"GutInformations-container\"><div class=\"GutInformations-list\"><div class=\"GutInformations-wrap\"><span class=\"GutInformations-textLarge\">415 000<\/span><p class=\"GutInformations-title\">Popolazione di elefanti africani<\/p><p class=\"GutInformations-text\">Circa il 90% degli elefanti africani \u00e8 stato spazzato via nell&#8217;ultimo secolo, in gran parte a causa del commercio di avorio, lasciando in vita circa 415.000 elefanti selvatici oggi.<\/p><\/div><div class=\"GutInformations-wrap\"><picture class=\"GutInformations-picture\"><img decoding=\"async\" src=\"https:\/\/albanu.mc\/wp-content\/uploads\/2023\/06\/Sans-titre-15.jpg\" alt=\"Sans-titre-15\" \/><\/picture><p class=\"GutInformations-title\">Giganti Gentili<\/p><p class=\"GutInformations-text\">L&#8217;elefante africano \u00e8 il pi\u00f9 grande mammifero terrestre del mondo, con maschi alti in media fino a 3 metri e pesanti fino a 6 tonnellate.<\/p><\/div><div class=\"GutInformations-wrap\"><span class=\"GutInformations-textLarge\">\u2243 30.000<\/span><p class=\"GutInformations-title\">Bracconaggio<\/p><p class=\"GutInformations-text\">Ogni anno, si stima che tra i 20.000 e i 30.000 elefanti vengano cacciati di frodo. Ci\u00f2 impedisce alla specie di rinnovarsi normalmente e le popolazioni diminuiscono drasticamente. <\/p><\/div><\/div><\/div><\/div><div class=\"GutCol2  GutContainer-full\"><div class=\"GutCol2-container\"><div class=\"GutCol2-wrap GutCol2-blocImage Right\"><picture class=\"GutCol2-picture\" ><img src = \"\" alt = \"Albanu Wildlife Foundation elephant tracker\" \/><\/picture ><span class=\"GutCol2-credit\" > \u00a9 Margaux Claret<\/span><\/div ><\/div><\/div><div class=\"GutCol2  GutContainer-full\"><div class=\"GutCol2-container\"><div class=\"GutCol2-wrap GutCol2-blocImage Left\"><picture class=\"GutCol2-picture\" ><img src = \"\" alt = \"Albanu Wildlife Foundation trackers on elephant\" \/><\/picture ><span class=\"GutCol2-credit\" > \u00a9 Margaux Claret<\/span><\/div ><\/div><\/div>","protected":false},"excerpt":{"rendered":"","protected":false},"author":1,"featured_media":0,"parent":12088,"menu_order":0,"comment_status":"closed","ping_status":"closed","template":"","meta":{"_acf_changed":false,"inline_featured_image":false,"footnotes":""},"class_list":["post-12074","page","type-page","status-publish","hentry"],"acf":[],"_links":{"self":[{"href":"https:\/\/albanu.mc\/it\/wp-json\/wp\/v2\/pages\/12074","targetHints":{"allow":["GET"]}}],"collection":[{"href":"https:\/\/albanu.mc\/it\/wp-json\/wp\/v2\/pages"}],"about":[{"href":"https:\/\/albanu.mc\/it\/wp-json\/wp\/v2\/types\/page"}],"author":[{"embeddable":true,"href":"https:\/\/albanu.mc\/it\/wp-json\/wp\/v2\/users\/1"}],"replies":[{"embeddable":true,"href":"https:\/\/albanu.mc\/it\/wp-json\/wp\/v2\/comments?post=12074"}],"version-history":[{"count":6,"href":"https:\/\/albanu.mc\/it\/wp-json\/wp\/v2\/pages\/12074\/revisions"}],"predecessor-version":[{"id":18339,"href":"https:\/\/albanu.mc\/it\/wp-json\/wp\/v2\/pages\/12074\/revisions\/18339"}],"up":[{"embeddable":true,"href":"https:\/\/albanu.mc\/it\/wp-json\/wp\/v2\/pages\/12088"}],"wp:attachment":[{"href":"https:\/\/albanu.mc\/it\/wp-json\/wp\/v2\/media?parent=12074"}],"curies":[{"name":"wp","href":"https:\/\/api.w.org\/{rel}","templated":true}]}}