{"id":12070,"date":"2023-03-23T14:53:17","date_gmt":"2023-03-23T13:53:17","guid":{"rendered":"http:\/\/localhost:10023\/pezzi-eccezionali\/"},"modified":"2024-11-05T10:46:45","modified_gmt":"2024-11-05T09:46:45","slug":"pezzi-eccezionali","status":"publish","type":"page","link":"https:\/\/albanu.mc\/it\/pezzi-eccezionali\/","title":{"rendered":"Pezzi eccezionali"},"content":{"rendered":"<div class=\"GutText  GutContainer-full\"><div class=\"GutText-inner\"><div class=\"GutText-wysiwyg Content\"><h4 style=\"text-align: justify;\">Albanu: l&#8217;artigiano di eccezionali gioielli fatti a mano dal 1928<\/h4>\n<p style=\"text-align: justify;\">Per quasi un secolo, Albanu \u00e8 stato riconosciuto nel mondo della gioielleria per la sua impareggiabile maestria nei gioielli fatti a mano. Fondata nel 1928, la nostra casa si impegna a creare pezzi unici che riflettano l&#8217;individualit\u00e0 e lo stile personale dei nostri clienti. Tra le tante creazioni che escono dal nostro laboratorio, i bracciali su misura occupano un posto speciale nel nostro cuore, in quanto incarnano la massima espressione dell&#8217;arte della gioielleria.  <\/p>\n<p>&nbsp;<\/p>\n<p style=\"text-align: justify;\">I nostri bracciali su misura sono molto pi\u00f9 di un semplice accessorio di moda. Sono opere d&#8217;arte personali, progettate per raccontare la tua storia e catturare i momenti preziosi della tua vita. Quando scegli Albanu per creare un bracciale su misura, entri in un mondo in cui ogni dettaglio viene esaminato e ogni aspetto del tuo sogno di gioielleria viene preso in considerazione.  <\/p>\n<\/div><\/div><\/div>\n\n<div class=\"GutCol2  GutContainer-full\"><div class=\"GutCol2-container\"><div class=\"GutCol2-wrap GutCol2-blocImage Left\"><picture class=\"GutCol2-picture\" ><img src = \"https:\/\/albanu.mc\/wp-content\/uploads\/2024\/06\/exceptional-510x588.jpg\" alt = \"exceptional\" \/><\/picture ><\/div ><div class=\"GutCol2-wrap GutCol2-blocTexteRight\"><div class=\"GutCol2-blocTexte--inner\"><div class=\"GutCol2-text Content\"><p style=\"text-align: justify;\">Il processo creativo inizia con una conversazione con te, il nostro stimato cliente. La tua <strong>ispirazione<\/strong>, <strong>le tue idee<\/strong>, le tue <strong>emozioni<\/strong>, tutto viene preso in considerazione per progettare un braccialetto che rifletta la tua personalit\u00e0 e il tuo stile di vita. I nostri gioiellieri artigiani lavorano a stretto contatto con te per capire le tue preferenze, dimensioni, forma, colore e requisiti di materiale. Ti guideranno attraverso la vasta gamma di possibilit\u00e0, dai metalli preziosi come l&#8217;oro e il platino alle pietre preziose e semipreziose, per creare un pezzo che sar\u00e0 davvero tuo.   <\/p>\n<p>&nbsp;<\/p>\n<p style=\"text-align: justify;\">Ogni fase del processo \u00e8 fatta a mano, con meticolosa attenzione ai dettagli. Ogni impostazione, ogni lucidatura, ogni regolazione viene eseguita con un&#8217;abilit\u00e0 senza pari. Il risultato finale \u00e8 molto pi\u00f9 di un semplice bracciale; \u00c8 un capolavoro che riflette il tuo gusto personale e la tua storia unica. I bracciali su misura di Albanu sono progettati per essere indossati e amati per tutta la vita.   <\/p>\n<\/div><\/div><\/div><\/div><\/div>\n\n<div class=\"GutQuote BgColor GutContainer-full\"><div class=\"GutQuote-content\"><div class=\"GutQuote-intro\">Una collezione di gioielli rari ed eccezionali.<\/div><div class=\"GutQuote-text Content\"><p style=\"text-align: justify;\">Scopri i nostri prodotti eccezionali, ogni pezzo \u00e8 stato realizzato su misura su richiesta dei nostri clienti. Albanu vi fa scoprire il suo eccezionale know-how con prodotti fatti a mano nel nostro laboratorio dal 1928, che ha fatto guadagnare alla casa il brevetto di fornitore di S.A.S. il Principe di <a href=\"https:\/\/palais.mc\/fr\/maison-souveraine\/organisation-administrative-1-23.html\" target=\"_blank\" rel=\"noopener\">Monaco<\/a>.<\/p>\n<p>&nbsp;<\/p>\n<p style=\"text-align: center;\"><a class=\"HomeProduits-button Button-primary\" href=\"https:\/\/albanu.mc\/it\/contatto\/\">Contattaci<\/a><\/p>\n<\/div><\/div><\/div>\n\n<div class=\"GutGallery  GutContainer-full\"><div class=\"GutTitle Center\"> <span class=\"GutTitle-title\">Modelli esclusivi<\/span><\/div><div class=\"GutGallery-container three_column __gallery\" id=\"gallery_69d978c80230e\" data-galleryid=\"gallery_69d978c80230e\"><a class=\"GutGallery-item\" href=\"https:\/\/albanu.mc\/wp-content\/uploads\/2023\/09\/esm4.jpg\" data-lg-size=\"https:\/\/albanu.mc\/wp-content\/uploads\/2023\/09\/esm4.jpg\" data-sub-html=\"\"><picture class=\"GutGallery-pic\"><img decoding=\"async\" class=\"GutGallery-img\" src=\"https:\/\/albanu.mc\/wp-content\/uploads\/2023\/09\/esm4.jpg\" alt=\"Mod\u00e8le r\u00e9alis\u00e9 \u00e0 la demande du groupe Edmond de Rothschild pour le polo sur neige de Meg\u00e8ve\"><\/picture><\/a><a class=\"GutGallery-item\" href=\"https:\/\/albanu.mc\/wp-content\/uploads\/2024\/01\/el-excep.jpg\" data-lg-size=\"https:\/\/albanu.mc\/wp-content\/uploads\/2024\/01\/el-excep.jpg\" data-sub-html=\"\"><picture class=\"GutGallery-pic\"><img decoding=\"async\" class=\"GutGallery-img\" src=\"https:\/\/albanu.mc\/wp-content\/uploads\/2024\/01\/el-excep-436x436.jpg\" alt=\"Bracelet en poil d'\u00e9l\u00e9phant, diamants, rubis, \u00e9meraude et saphir, r\u00e9alis\u00e9 pour Madlords\"><\/picture><\/a><a class=\"GutGallery-item\" href=\"https:\/\/albanu.mc\/wp-content\/uploads\/2023\/09\/esm1.jpg\" data-lg-size=\"https:\/\/albanu.mc\/wp-content\/uploads\/2023\/09\/esm1.jpg\" data-sub-html=\"\"><picture class=\"GutGallery-pic\"><img decoding=\"async\" class=\"GutGallery-img\" src=\"https:\/\/albanu.mc\/wp-content\/uploads\/2023\/09\/esm1.jpg\" alt=\"Mod\u00e8le d\u2019exception en platine et diamant noir avec crin du cheval d\u2019un Emire du Quatar\"><\/picture><\/a><a class=\"GutGallery-item\" href=\"https:\/\/albanu.mc\/wp-content\/uploads\/2023\/10\/pe1.jpg\" data-lg-size=\"https:\/\/albanu.mc\/wp-content\/uploads\/2023\/10\/pe1.jpg\" data-sub-html=\"\"><picture class=\"GutGallery-pic\"><img decoding=\"async\" class=\"GutGallery-img\" src=\"https:\/\/albanu.mc\/wp-content\/uploads\/2023\/10\/pe1-436x436.jpg\" alt=\"Bracelet avec fermoir en or 18K (19 g) et diamants (0,22ct) blancs associ\u00e9s \u00e0 une tresse en poil d'\u00e9l\u00e9phant et or 18K (8g), et une largeur de 20mm.\"><\/picture><\/a><a class=\"GutGallery-item\" href=\"https:\/\/albanu.mc\/wp-content\/uploads\/2023\/10\/pe3.jpg\" data-lg-size=\"https:\/\/albanu.mc\/wp-content\/uploads\/2023\/10\/pe3.jpg\" data-sub-html=\"\"><picture class=\"GutGallery-pic\"><img decoding=\"async\" class=\"GutGallery-img\" src=\"https:\/\/albanu.mc\/wp-content\/uploads\/2023\/10\/pe3-436x436.jpg\" alt=\"Bague solitaire en Or Blanc 18K (10g), Diamant 3,15ct (couleur RW-F, clart\u00e9 WS2, FVVS2).\"><\/picture><\/a><a class=\"GutGallery-item\" href=\"https:\/\/albanu.mc\/wp-content\/uploads\/2023\/10\/pe2.jpg\" data-lg-size=\"https:\/\/albanu.mc\/wp-content\/uploads\/2023\/10\/pe2.jpg\" data-sub-html=\"\"><picture class=\"GutGallery-pic\"><img decoding=\"async\" class=\"GutGallery-img\" src=\"https:\/\/albanu.mc\/wp-content\/uploads\/2023\/10\/pe2-436x436.jpg\" alt=\"Bracelet en poil d'\u00e9l\u00e9phant avec fermoir en or 18K et diamants blancs associ\u00e9s de cinq attaches en or 18K et diamants.\"><\/picture><\/a><\/div><\/div>","protected":false},"excerpt":{"rendered":"","protected":false},"author":1,"featured_media":0,"parent":0,"menu_order":0,"comment_status":"closed","ping_status":"closed","template":"","meta":{"_acf_changed":false,"inline_featured_image":false,"footnotes":""},"class_list":["post-12070","page","type-page","status-publish","hentry"],"acf":[],"_links":{"self":[{"href":"https:\/\/albanu.mc\/it\/wp-json\/wp\/v2\/pages\/12070","targetHints":{"allow":["GET"]}}],"collection":[{"href":"https:\/\/albanu.mc\/it\/wp-json\/wp\/v2\/pages"}],"about":[{"href":"https:\/\/albanu.mc\/it\/wp-json\/wp\/v2\/types\/page"}],"author":[{"embeddable":true,"href":"https:\/\/albanu.mc\/it\/wp-json\/wp\/v2\/users\/1"}],"replies":[{"embeddable":true,"href":"https:\/\/albanu.mc\/it\/wp-json\/wp\/v2\/comments?post=12070"}],"version-history":[{"count":5,"href":"https:\/\/albanu.mc\/it\/wp-json\/wp\/v2\/pages\/12070\/revisions"}],"predecessor-version":[{"id":14313,"href":"https:\/\/albanu.mc\/it\/wp-json\/wp\/v2\/pages\/12070\/revisions\/14313"}],"wp:attachment":[{"href":"https:\/\/albanu.mc\/it\/wp-json\/wp\/v2\/media?parent=12070"}],"curies":[{"name":"wp","href":"https:\/\/api.w.org\/{rel}","templated":true}]}}