{"id":11185,"date":"2023-03-23T14:44:39","date_gmt":"2023-03-23T13:44:39","guid":{"rendered":"http:\/\/localhost:10023\/casa-albanu\/know-how\/"},"modified":"2024-11-05T10:29:12","modified_gmt":"2024-11-05T09:29:12","slug":"know-how","status":"publish","type":"page","link":"https:\/\/albanu.mc\/it\/casa-albanu\/know-how\/","title":{"rendered":"Know-how"},"content":{"rendered":"<div class=\"GutCol2  GutContainer-full\"><div class=\"GutCol2-container\"><div class=\"GutTitle Left\"> <span class=\"GutTitle-title\">Approfondimenti unici<\/span><\/div><div class=\"GutCol2-wrap GutCol2-blocTexteLeft\"><div class=\"GutCol2-blocTexte--inner\"><div class=\"GutCol2-text Content\"><h4>Scopri l&#8217;esperienza Albanu<\/h4>\n<p>&#8220;Qualit\u00e0, artigianalit\u00e0, devozione e rispetto&#8221; \u00e8 il nostro credo incrollabile in Albanu, una filosofia applicata rigorosamente dai nostri artigiani in ogni fase delle loro creazioni. Essere &#8220;firmato Albanu&#8221; significa molto di pi\u00f9 che mettere il proprio nome su un&#8217;opera: \u00e8 un impegno per l&#8217;eccellenza, una promessa di qualit\u00e0, autenticit\u00e0 e simbolismo. Questa ricerca della perfezione riflette non solo il nostro rispetto per il nostro fondatore Ren\u00e9 Albanu, ma anche la nostra devozione a perpetuare il suo patrimonio culturale. In Albanu, i nostri laboratori sono una vetrina del saper fare, dove ogni gioiello artigianale \u00e8 la testimonianza della nostra passione per il mestiere. Il nostro impegno crea fiducia con i nostri partner e ci ha fatto guadagnare l&#8217;onore di essere scelti come fornitore brevettato da istituzioni prestigiose, come quella di Sua Altezza Serenissima &#8220;Il Principe di Monaco&#8221;. Questa eccellenza costante, che ci guida <a href=\"https:\/\/albanu.mc\/it\/casa-albanu\/la-nostra-storia\/\">dal 1928<\/a>, \u00e8 il frutto della nostra unione collettiva attorno ai valori che ci stanno a cuore, facendo s\u00ec che ogni creazione Albanu sia un omaggio alla biodiversit\u00e0, celebrato con umilt\u00e0 e rispetto.<\/p>\n<\/div><\/div><\/div><div class=\"GutCol2-wrap GutCol2-blocImage Right\"><picture class=\"GutCol2-picture\" ><img src = \"https:\/\/albanu.mc\/wp-content\/uploads\/2023\/11\/sf2-588x480.png\" alt = \"Savoir-Faire Albanu \/ Discover the know-how of Albanu\" \/><\/picture ><\/div ><\/div><\/div>\n\n<div class=\"GutVideo \"><div class=\"GutContainer\"><div class=\"GutVideo-inner __video_parent\"><picture class=\"GutVideo-pic __video_open\"><source srcset=\"https:\/\/albanu.mc\/wp-content\/uploads\/2023\/12\/savoir-768x433.jpg\" media=\"(max-width: 768px)\"><source srcset=\"https:\/\/albanu.mc\/wp-content\/uploads\/2023\/12\/savoir-992x559.jpg\" media=\"(max-width: 992px)\"><source srcset=\"https:\/\/albanu.mc\/wp-content\/uploads\/2023\/12\/savoir-1196x673.jpg\" media=\"(min-width: 993px)\"><img decoding=\"async\" class=\"GutVideo-img\" src=\"https:\/\/albanu.mc\/wp-content\/uploads\/2023\/12\/savoir-1196x673.jpg\" alt=\"\" \/><\/picture><video class=\"GutVideo-in __video_in\" controls><source src=\"https:\/\/albanu.mc\/wp-content\/uploads\/2023\/12\/savoir-faire-1080p-HD-1080p.mp4\" type=\"video\/mp4\"><\/video><\/div><\/div><\/div>\n\n<div class=\"GutCol2  GutContainer-full\"><div class=\"GutCol2-container\"><div class=\"GutTitle Right\"> <span class=\"GutTitle-title\">Gioielli esclusivi<\/span><\/div><div class=\"GutCol2-wrap GutCol2-blocImage Left\"><picture class=\"GutCol2-picture\" ><img src = \"https:\/\/albanu.mc\/wp-content\/uploads\/2023\/11\/SFpage1-588x480.png\" alt = \"Savoir-Faire Albanu \/ Discover the know-how of Albanu\" \/><\/picture ><\/div ><div class=\"GutCol2-wrap GutCol2-blocTexteRight\"><div class=\"GutCol2-blocTexte--inner\"><div class=\"GutCol2-text Content\"><p>&#8220;L&#8217;originalit\u00e0 unita all&#8217;eleganza&#8221;, un principio stabilito da Ren\u00e9 Albanu quasi un secolo fa, rimane il pilastro della nostra Maison.<br \/>\nFedeli a questa visione, il nostro savoir-faire collettivo crea ogni giorno gioielli unici nei nostri laboratori monegaschi, fondendo una variet\u00e0 di materiali con simbolismo e passione.<\/p>\n<p>Dall&#8217;acciaio all&#8217;oro, dall&#8217;argento al platino, dalle perle di Tahiti ai diamanti, dal pelo di elefante al pelo di giraffa, dal crine di cavallo al corno di bufalo, dal pelo di mammut all&#8217;avorio: ogni materiale contribuisce a una sinfonia di creativit\u00e0 dove l&#8217;eleganza non conosce limiti e contribuisce alla salvaguardia del nostro pianeta.<\/p>\n<p>Ti offriamo l&#8217;opportunit\u00e0 di progettare un pezzo su misura che rifletta la tua individualit\u00e0 e la nostra esperienza, un riflesso del tuo impegno nei nostri confronti.<\/p>\n<p>Lavoriamo insieme per garantire che la nostra etica sia impeccabile e che rispettiamo scrupolosamente gli accordi sulla conservazione delle specie selvatiche, sia della flora che della fauna. Facciamo nostri i principi della <a href=\"https:\/\/cites.org\/eng\/disc\/what.php\" target=\"_blank\" rel=\"noopener\">CITES<\/a>, plasmando l&#8217;armonia tra le nostre creazioni e il nostro profondo rispetto per la biodiversit\u00e0, finch\u00e9 possiamo farlo, sia per noi stessi, ora, sia con orgoglio per le generazioni a venire.<\/p>\n<\/div><\/div><\/div><\/div><\/div>","protected":false},"excerpt":{"rendered":"","protected":false},"author":1,"featured_media":0,"parent":11180,"menu_order":0,"comment_status":"closed","ping_status":"closed","template":"","meta":{"_acf_changed":false,"inline_featured_image":false,"footnotes":""},"class_list":["post-11185","page","type-page","status-publish","hentry"],"acf":[],"_links":{"self":[{"href":"https:\/\/albanu.mc\/it\/wp-json\/wp\/v2\/pages\/11185","targetHints":{"allow":["GET"]}}],"collection":[{"href":"https:\/\/albanu.mc\/it\/wp-json\/wp\/v2\/pages"}],"about":[{"href":"https:\/\/albanu.mc\/it\/wp-json\/wp\/v2\/types\/page"}],"author":[{"embeddable":true,"href":"https:\/\/albanu.mc\/it\/wp-json\/wp\/v2\/users\/1"}],"replies":[{"embeddable":true,"href":"https:\/\/albanu.mc\/it\/wp-json\/wp\/v2\/comments?post=11185"}],"version-history":[{"count":5,"href":"https:\/\/albanu.mc\/it\/wp-json\/wp\/v2\/pages\/11185\/revisions"}],"predecessor-version":[{"id":14302,"href":"https:\/\/albanu.mc\/it\/wp-json\/wp\/v2\/pages\/11185\/revisions\/14302"}],"up":[{"embeddable":true,"href":"https:\/\/albanu.mc\/it\/wp-json\/wp\/v2\/pages\/11180"}],"wp:attachment":[{"href":"https:\/\/albanu.mc\/it\/wp-json\/wp\/v2\/media?parent=11185"}],"curies":[{"name":"wp","href":"https:\/\/api.w.org\/{rel}","templated":true}]}}