{"id":11180,"date":"2023-03-23T14:42:15","date_gmt":"2023-03-23T13:42:15","guid":{"rendered":"http:\/\/localhost:10023\/casa-albanu\/"},"modified":"2024-11-05T14:27:23","modified_gmt":"2024-11-05T13:27:23","slug":"casa-albanu","status":"publish","type":"page","link":"https:\/\/albanu.mc\/it\/casa-albanu\/","title":{"rendered":"Casa Albanu"},"content":{"rendered":"<div class=\"GutPushArticles GutContainer-full \"><div class=\"GutPushArticles-container\"><div class=\"GutPushArticles-inner \"><div class=\"GutPushArticles-container\"><div class=\"GutPushArticles-list\"><div class=\"GutPushArticles-wrap\"><picture class=\"GutPushArticles-picture\"><img decoding=\"async\" src=\"https:\/\/albanu.mc\/wp-content\/uploads\/2023\/06\/1.jpg\" alt=\"1\" \/><\/picture><div class=\"GutPushArticles-content\"><a class=\"Link\" href=\"\/it\/casa-albanu\/la-nostra-storia\/\">La nostra storia<\/a><\/div><\/div><div class=\"GutPushArticles-wrap\"><picture class=\"GutPushArticles-picture\"><img decoding=\"async\" src=\"https:\/\/albanu.mc\/wp-content\/uploads\/2023\/06\/2.jpg\" alt=\"2\" \/><\/picture><div class=\"GutPushArticles-content\"><a class=\"Link\" href=\"\/it\/casa-albanu\/know-how\/\">Saper fare<\/a><\/div><\/div><div class=\"GutPushArticles-wrap\"><picture class=\"GutPushArticles-picture\"><img decoding=\"async\" src=\"https:\/\/albanu.mc\/wp-content\/uploads\/2023\/09\/BLOG.jpg\" alt=\"BLOG\" \/><\/picture><div class=\"GutPushArticles-content\"><a class=\"Link\" href=\"\/it\/notizie\/\">Notizie  <\/a><\/div><\/div><\/div><\/div><\/div><\/div><\/div>\n\n<div class=\"GutVideo BgColor\"><div class=\"GutContainer-full\"><div class=\"GutTitle Center\"> <span class=\"GutTitle-title\">Produttore di gioielli di lusso<\/span><\/div><div class=\"GutVideo-inner __video_parent\"><picture class=\"GutVideo-pic __video_open\"><source srcset=\"https:\/\/albanu.mc\/wp-content\/uploads\/2023\/12\/savoir-768x433.jpg\" media=\"(max-width: 768px)\"><source srcset=\"https:\/\/albanu.mc\/wp-content\/uploads\/2023\/12\/savoir-992x559.jpg\" media=\"(max-width: 992px)\"><source srcset=\"https:\/\/albanu.mc\/wp-content\/uploads\/2023\/12\/savoir.jpg\" media=\"(min-width: 993px)\"><img decoding=\"async\" class=\"GutVideo-img\" src=\"https:\/\/albanu.mc\/wp-content\/uploads\/2023\/12\/savoir.jpg\" alt=\"\" \/><\/picture><video class=\"GutVideo-in __video_in\" controls><source src=\"https:\/\/albanu.mc\/wp-content\/uploads\/2023\/12\/savoir-faire-1080p-HD-1080p.mp4\" type=\"video\/mp4\"><\/video><\/div><\/div><\/div>\n\n<div class=\"GutText  GutContainer-full\"><div class=\"GutText-inner\"><div class=\"GutText-wysiwyg Content\"><h5 style=\"text-align: justify;\">Scoprite la casa di Albanu, designer di gioielli dal 1928 a Monaco.<\/h5>\n<p>&nbsp;<\/p>\n<p style=\"text-align: justify;\">Immergiti nel mondo unico dei gioielli fatti a mano, dove ogni pezzo racconta una storia e riflette una tradizione di eccellenza tramandata di generazione in generazione. La casa Albanu offre creazioni eccezionali realizzate con materiali rari e preziosi come il pelo di elefante, il pelo di giraffa, il corno di bufalo, il crine di cavallo, la pelle di mela, il pelo di mammut e la perla di Tahiti. Questi materiali nobili, accuratamente selezionati, vengono lavorati con precisione e cura incomparabili, dando vita a gioielli di ineguagliabile bellezza e originalit\u00e0.  <\/p>\n<p style=\"text-align: justify;\">Lasciatevi sedurre dall&#8217;autenticit\u00e0 e dal know-how di questa casa emblematica, simbolo di eleganza ed esclusivit\u00e0. Da Albanu ogni gioiello \u00e8 un&#8217;opera d&#8217;arte, espressione di raffinatezza e passione. Scegliendo una creazione della casa di Albanu, scegli l&#8217;eccezionale, un pezzo unico che racconta una storia e incarna una tradizione di qualit\u00e0.  <\/p>\n<p style=\"text-align: justify;\">Nel 2020, la Albanu House ha istituito la <a href=\"https:\/\/fr.thealbanufoundation.org\" target=\"_blank\" rel=\"noopener\">Albanu Wildlife Foundation<\/a>, un&#8217;iniziativa dedicata alla protezione di elefanti e rinoceronti nell&#8217;Africa meridionale. Consapevole dell&#8217;importanza di preservare queste maestose specie minacciate dal bracconaggio e dalla perdita di habitat, Albanu \u00e8 attivamente impegnata in azioni concrete di conservazione. <\/p>\n<p style=\"text-align: justify;\">Per sostenere questa nobile causa, la casa di Albanu dona dal 10% al 50% delle vendite di alcuni dei suoi bracciali. Ogni acquisto contribuisce direttamente alla protezione e alla sopravvivenza di questi animali iconici. Albanu combina cos\u00ec il suo know-how in gioielleria con la missione di preservare la biodiversit\u00e0, offrendo ai suoi clienti l&#8217;opportunit\u00e0 di indossare pezzi unici sostenendo una causa essenziale.  <\/p>\n<p style=\"text-align: justify;\">Scegliendo un gioiello della casa di Albanu, partecipi a un approccio etico e solidale, che consente di proteggere elefanti e rinoceronti per le generazioni future. Scopri l&#8217;impegno di Albanu e partecipa a questa avventura dedicata alla conservazione della fauna selvatica. <\/p>\n<\/div><\/div><\/div>","protected":false},"excerpt":{"rendered":"","protected":false},"author":1,"featured_media":0,"parent":0,"menu_order":0,"comment_status":"closed","ping_status":"closed","template":"","meta":{"_acf_changed":false,"inline_featured_image":false,"footnotes":""},"class_list":["post-11180","page","type-page","status-publish","hentry"],"acf":[],"_links":{"self":[{"href":"https:\/\/albanu.mc\/it\/wp-json\/wp\/v2\/pages\/11180","targetHints":{"allow":["GET"]}}],"collection":[{"href":"https:\/\/albanu.mc\/it\/wp-json\/wp\/v2\/pages"}],"about":[{"href":"https:\/\/albanu.mc\/it\/wp-json\/wp\/v2\/types\/page"}],"author":[{"embeddable":true,"href":"https:\/\/albanu.mc\/it\/wp-json\/wp\/v2\/users\/1"}],"replies":[{"embeddable":true,"href":"https:\/\/albanu.mc\/it\/wp-json\/wp\/v2\/comments?post=11180"}],"version-history":[{"count":3,"href":"https:\/\/albanu.mc\/it\/wp-json\/wp\/v2\/pages\/11180\/revisions"}],"predecessor-version":[{"id":14347,"href":"https:\/\/albanu.mc\/it\/wp-json\/wp\/v2\/pages\/11180\/revisions\/14347"}],"wp:attachment":[{"href":"https:\/\/albanu.mc\/it\/wp-json\/wp\/v2\/media?parent=11180"}],"curies":[{"name":"wp","href":"https:\/\/api.w.org\/{rel}","templated":true}]}}