{"id":14651,"date":"2024-12-01T17:20:50","date_gmt":"2024-12-01T16:20:50","guid":{"rendered":"https:\/\/albanu.mc\/?page_id=14651"},"modified":"2024-12-02T17:56:42","modified_gmt":"2024-12-02T16:56:42","slug":"pink-ribbon-monaco","status":"publish","type":"page","link":"https:\/\/albanu.mc\/es\/engagement\/pink-ribbon-monaco\/","title":{"rendered":"Pink Ribbon Monaco"},"content":{"rendered":"<div class=\"GutCol2  GutContainer-full\"><div class=\"GutCol2-container\"><div class=\"GutCol2-wrap GutCol2-blocTexteLeft\"><div class=\"GutCol2-blocTexte--inner\"><div class=\"GutCol2-text Content\"><h6 style=\"text-align: justify;\">Pink Ribbon Monaco<\/h6>\n<p>Creada en 2011, <a href=\"https:\/\/pinkribbon.mc\" target=\"_blank\" rel=\"noopener\">Pink Ribbon Monaco<\/a> es la primera asociaci\u00f3n de la regi\u00f3n que celebra el Mes de Sensibilizaci\u00f3n sobre el C\u00e1ncer de Mama e ilumina los edificios de rosa.<\/p>\n<p>Bajo la direcci\u00f3n de su fundadora y presidenta, Natasha Frost-Savio, Pink Ribbon Monaco se esfuerza por promover la detecci\u00f3n precoz y la concienciaci\u00f3n organizando dos grandes eventos a lo largo del a\u00f1o.<\/p>\n<p>La Marcha de la Cinta Rosa en febrero y las espectaculares Luces Rosas que se celebran cada a\u00f1o en la primera semana de octubre se han convertido en nuestro lema.<\/p>\n<p>Como miembro del Comit\u00e9 para la Protecci\u00f3n y Promoci\u00f3n de los Derechos de la Mujer en el Principado, tambi\u00e9n estamos comprometidos con la mejora de la igualdad de g\u00e9nero.<\/p>\n<p>En estrecha colaboraci\u00f3n con el Gobierno del Principado, el Consejo Nacional, el Ministerio de Sanidad y Servicios Sociales y en colaboraci\u00f3n con el Hospital Princesa Grace, la Cinta Rosa de M\u00f3naco lleva m\u00e1s de una d\u00e9cada promoviendo la concienciaci\u00f3n, la salud y la convivencia.<\/p>\n<p style=\"text-align: justify;\">Le invitamos a unirse a nosotros comprando un producto de la <a href=\"https:\/\/albanu.mc\/es\/boutique\/colecta-benefica\/\">Colecci\u00f3n Ben\u00e9fica<\/a>.<\/p>\n<\/div><\/div><\/div><div class=\"GutCol2-wrap GutCol2-blocImage Right\"><picture class=\"GutCol2-picture\" ><img src = \"https:\/\/albanu.mc\/wp-content\/uploads\/2024\/11\/pk-588x588.jpg\" alt = \"pk.jpg\" \/><\/picture ><\/div ><\/div><\/div>\n\n<div class=\"GutCol2  GutContainer-full\"><div class=\"GutCol2-container\"><div class=\"GutCol2-wrap GutCol2-blocImage Left\"><picture class=\"GutCol2-picture\" ><img src = \"https:\/\/albanu.mc\/wp-content\/uploads\/2024\/12\/1705785886_SAS-la-Princesse-Charlene-devient-Presidente-dHonneur-de-Pink-Ribbon-426x588.jpeg\" alt = \"1705785886_SAS-la-Princesse-Charlene-devient-Presidente-dHonneur-de-Pink-Ribbon\" \/><\/picture ><\/div ><div class=\"GutCol2-wrap GutCol2-blocTexteRight\"><div class=\"GutCol2-blocTexte--inner\"><div class=\"GutCol2-text Content\"><h6 style=\"text-align: justify;\">S.A.S. la Princesa Charlene de M\u00f3naco<\/h6>\n<p>Desde 2024, Su Alteza Real la Princesa Charlene ha asumido el papel de Presidenta Honoraria de Pink Ribbon Monaco, consolidando su compromiso con la salud de la mujer y la lucha contra el c\u00e1ncer de mama con la principal asociaci\u00f3n del Principado dedicada a esta causa. El compromiso de la Princesa Charlene con las causas de su fundaci\u00f3n se alinea perfectamente con los valores de salud de Pink Ribbon Monaco, lo que la convierte en una portavoz ideal para la salud de la mujer.<\/p>\n<p>El papel de la Princesa Charlene como Presidenta Honoraria es crucial para impulsar la misi\u00f3n de Pink Ribbon Monaco de concienciar y financiar la investigaci\u00f3n y prevenci\u00f3n del c\u00e1ncer de mama.<\/p>\n<\/div><\/div><\/div><\/div><\/div>","protected":false},"excerpt":{"rendered":"","protected":false},"author":6,"featured_media":0,"parent":970,"menu_order":0,"comment_status":"closed","ping_status":"closed","template":"","meta":{"_acf_changed":false,"inline_featured_image":false,"footnotes":""},"class_list":["post-14651","page","type-page","status-publish","hentry"],"acf":[],"_links":{"self":[{"href":"https:\/\/albanu.mc\/es\/wp-json\/wp\/v2\/pages\/14651","targetHints":{"allow":["GET"]}}],"collection":[{"href":"https:\/\/albanu.mc\/es\/wp-json\/wp\/v2\/pages"}],"about":[{"href":"https:\/\/albanu.mc\/es\/wp-json\/wp\/v2\/types\/page"}],"author":[{"embeddable":true,"href":"https:\/\/albanu.mc\/es\/wp-json\/wp\/v2\/users\/6"}],"replies":[{"embeddable":true,"href":"https:\/\/albanu.mc\/es\/wp-json\/wp\/v2\/comments?post=14651"}],"version-history":[{"count":6,"href":"https:\/\/albanu.mc\/es\/wp-json\/wp\/v2\/pages\/14651\/revisions"}],"predecessor-version":[{"id":14714,"href":"https:\/\/albanu.mc\/es\/wp-json\/wp\/v2\/pages\/14651\/revisions\/14714"}],"up":[{"embeddable":true,"href":"https:\/\/albanu.mc\/es\/wp-json\/wp\/v2\/pages\/970"}],"wp:attachment":[{"href":"https:\/\/albanu.mc\/es\/wp-json\/wp\/v2\/media?parent=14651"}],"curies":[{"name":"wp","href":"https:\/\/api.w.org\/{rel}","templated":true}]}}