{"id":14386,"date":"2023-03-22T11:41:02","date_gmt":"2023-03-22T10:41:02","guid":{"rendered":"https:\/\/relaxed-joliot.195-78-12-156.plesk.page\/nuestros-puntos-de-venta\/"},"modified":"2024-12-02T16:13:37","modified_gmt":"2024-12-02T15:13:37","slug":"nuestros-puntos-de-venta","status":"publish","type":"page","link":"https:\/\/albanu.mc\/es\/nuestros-puntos-de-venta\/","title":{"rendered":"Nuestros puntos de venta"},"content":{"rendered":"<div class=\"GutBanner  GutContainer-full\"><picture class=\"GutBanner-picture\"><source srcset=\"https:\/\/albanu.mc\/wp-content\/uploads\/2024\/06\/points-de-ventes-768x300.jpg\" media=\"(max-width: 768px)\"><source srcset=\"https:\/\/albanu.mc\/wp-content\/uploads\/2024\/06\/points-de-ventes-992x300.jpg\" media=\"(max-width: 992px)\"><source srcset=\"https:\/\/albanu.mc\/wp-content\/uploads\/2024\/06\/points-de-ventes.jpg\" media=\"(min-width: 993px)\"><img decoding=\"async\" class=\"GutBanner-img\" src=\"https:\/\/albanu.mc\/wp-content\/uploads\/2024\/06\/points-de-ventes.jpg\" alt=\"Points de vente \/ stores\" \/><\/picture><div class=\"GutBanner-inner\"><\/div><\/div>\n\n<div class=\"GutText  GutContainer-full\"><div class=\"GutText-inner\"><div class=\"GutText-wysiwyg Content\"><h4>Nuestros puntos de venta<\/h4>\n<p>Los puntos de venta de <a href=\"https:\/\/www.instagram.com\/albanu1928\/\" target=\"_blank\" rel=\"noopener\">Albanu<\/a> est\u00e1n repartidos por toda Europa, entre las mejores joyer\u00edas de Francia y Europa. Cada <a href=\"https:\/\/albanu.mc\/nos-points-de-vente\/\">punto de venta<\/a> est\u00e1 cuidadosamente seleccionado para reflejar la exclusividad y elegancia de las creaciones de Albanu, ofreciendo a los clientes un acceso privilegiado a piezas de rara belleza y calidad excepcional. Las joyer\u00edas asociadas a Albanu son joyas de refinamiento en las ciudades m\u00e1s emblem\u00e1ticas de Francia, como Par\u00eds, Lyon, Marsella, Burdeos y Niza, situadas en zonas prestigiosas donde se unen el arte y la moda. Cada boutique est\u00e1 amueblada con gusto, creando una atm\u00f3sfera que exhibe las creaciones \u00fanicas de la marca. En Europa, Albanu tambi\u00e9n est\u00e1 presente en capitales de la moda como Mil\u00e1n, Londres, Madrid y Berl\u00edn. Estos puntos de venta son destinos populares para los amantes de la joyer\u00eda que buscan exclusividad y originalidad.<br \/>\nLas boutiques Albanu de Mil\u00e1n, por ejemplo, cautivan a los visitantes por su ambiente sofisticado y la meticulosa presentaci\u00f3n de las colecciones. Las joyer\u00edas asociadas a Albanu no son s\u00f3lo lugares donde comprar, sino tambi\u00e9n espacios donde se celebra el arte de la joyer\u00eda. Cada establecimiento se elige por su prestigio y compromiso con la excelencia, ofreciendo a los clientes una experiencia de compra excepcional. Los asesores y expertos en joyer\u00eda est\u00e1n formados para guiar a los clientes a trav\u00e9s de las diferentes colecciones, destacando el detalle y la meticulosa artesan\u00eda que hay detr\u00e1s de cada pieza. Los escaparates de las joyer\u00edas Albanu son verdaderas exposiciones de creatividad y artesan\u00eda. Las creaciones de la marca, ya sean anillos brillantes, collares majestuosos, pulseras delicadas o pendientes ornamentados, cautivan por su belleza atemporal y su dise\u00f1o innovador.<br \/>\nCada pieza es el resultado de un meticuloso proceso en el que la pasi\u00f3n por el arte de la joyer\u00eda se une a materiales de alta calidad. La reputaci\u00f3n de Albanu como casa de joyer\u00eda de renombre internacional est\u00e1 firmemente establecida en sus puntos de venta en toda Europa. Cada joyer\u00eda asociada se selecciona cuidadosamente por su patrimonio y su compromiso con la excelencia, garantizando que los clientes se beneficien no s\u00f3lo de un producto excepcional, sino tambi\u00e9n de un servicio al cliente impecable. Las tiendas Albanu son tambi\u00e9n lugares de encuentro entre innovaci\u00f3n y tradici\u00f3n. Las colecciones de la marca celebran tanto las t\u00e9cnicas tradicionales de fabricaci\u00f3n de joyas como las tendencias contempor\u00e1neas, ofreciendo a los clientes una gama de opciones que combinan clasicismo y modernidad. Al visitar las joyer\u00edas asociadas de Albanu en toda Europa, los clientes entran en un mundo de lujo y sofisticaci\u00f3n. Cada experiencia de compra es una invitaci\u00f3n a descubrir piezas \u00fanicas que atestiguan el talento art\u00edstico y la pericia t\u00e9cnica que definen a Albanu como una marca de joyer\u00eda l\u00edder. En conclusi\u00f3n, los puntos de venta de Albanu en toda Europa encarnan la esencia misma del lujo y la elegancia.<\/p>\n<p>Situados en algunas de las mejores joyer\u00edas de Francia y Europa, estos espacios ofrecen a los clientes la oportunidad de sumergirse en un mundo donde la belleza, la calidad y la experiencia se combinan para crear joyas excepcionales. Cada visita es una experiencia enriquecedora que permite a los amantes de la joyer\u00eda descubrir y apreciar lo mejor de la marca Albanu.<\/p>\n<\/div><\/div><\/div>","protected":false},"excerpt":{"rendered":"","protected":false},"author":1,"featured_media":0,"parent":0,"menu_order":0,"comment_status":"closed","ping_status":"closed","template":"","meta":{"_acf_changed":false,"inline_featured_image":false,"footnotes":""},"class_list":["post-14386","page","type-page","status-publish","hentry"],"acf":[],"_links":{"self":[{"href":"https:\/\/albanu.mc\/es\/wp-json\/wp\/v2\/pages\/14386","targetHints":{"allow":["GET"]}}],"collection":[{"href":"https:\/\/albanu.mc\/es\/wp-json\/wp\/v2\/pages"}],"about":[{"href":"https:\/\/albanu.mc\/es\/wp-json\/wp\/v2\/types\/page"}],"author":[{"embeddable":true,"href":"https:\/\/albanu.mc\/es\/wp-json\/wp\/v2\/users\/1"}],"replies":[{"embeddable":true,"href":"https:\/\/albanu.mc\/es\/wp-json\/wp\/v2\/comments?post=14386"}],"version-history":[{"count":5,"href":"https:\/\/albanu.mc\/es\/wp-json\/wp\/v2\/pages\/14386\/revisions"}],"predecessor-version":[{"id":14694,"href":"https:\/\/albanu.mc\/es\/wp-json\/wp\/v2\/pages\/14386\/revisions\/14694"}],"wp:attachment":[{"href":"https:\/\/albanu.mc\/es\/wp-json\/wp\/v2\/media?parent=14386"}],"curies":[{"name":"wp","href":"https:\/\/api.w.org\/{rel}","templated":true}]}}