{"id":14379,"date":"2023-03-21T15:12:18","date_gmt":"2023-03-21T14:12:18","guid":{"rendered":"https:\/\/relaxed-joliot.195-78-12-156.plesk.page\/mi-cuenta\/"},"modified":"2024-12-10T12:43:38","modified_gmt":"2024-12-10T11:43:38","slug":"mi-cuenta","status":"publish","type":"page","link":"https:\/\/albanu.mc\/es\/mi-cuenta\/","title":{"rendered":"Mi cuenta"},"content":{"rendered":"<div class=\"woocommerce\"><\/div>\n\n\n<div class=\"GutCol2  GutContainer-full\"><div class=\"GutCol2-container\"><div class=\"GutCol2-wrap GutCol2-blocTexteLeft\"><div class=\"GutCol2-blocTexte--inner\"><div class=\"GutCol2-text Content\"><h5 style=\"text-align: justify;\">Mi cuenta<\/h5>\n<p style=\"text-align: justify;\">Bienvenido al espacio \u00abMi cuenta\u00bb de <a href=\"\/es\/\">Albanu<\/a>. Este espacio personal est\u00e1 dise\u00f1ado para ofrecerle una experiencia de cliente \u00f3ptima y personalizada. Al conectarse a su cuenta Albanu, puede acceder a una serie de servicios exclusivos que simplifican la gesti\u00f3n de sus pedidos y preferencias.<\/p>\n<p>&nbsp;<\/p>\n<p style=\"text-align: justify;\"><strong>Gesti\u00f3n de sus pedidos<\/strong><br \/>\nSiga el estado de sus pedidos en tiempo real, desde la confirmaci\u00f3n hasta la entrega. Consulte su historial de compras completo, para encontrar f\u00e1cilmente informaci\u00f3n sobre sus compras anteriores y renovar sus pedidos favoritos con un solo clic.<\/p>\n<p style=\"text-align: justify;\"><strong>Datos personales<\/strong><br \/>\nActualice su informaci\u00f3n personal para garantizar una comunicaci\u00f3n fluida y una entrega r\u00e1pida de sus pedidos. Cambie sus direcciones de entrega y facturaci\u00f3n, gestione sus preferencias de comunicaci\u00f3n y aseg\u00farese de que su perfil est\u00e1 siempre actualizado.<\/p>\n<p style=\"text-align: justify;\"><strong>Lista de deseos<\/strong><br \/>\nCrea y gestiona tu lista de deseos a\u00f1adiendo tus productos favoritos para acceder a ellos f\u00e1cilmente. Comparte tu lista con amigos y familiares para ocasiones especiales, o gu\u00e1rdala para ti mismo para no olvidarte nunca de los art\u00edculos que quieres.<\/p>\n<p style=\"text-align: justify;\"><strong>Ofertas y promociones exclusivas<\/strong><br \/>\nAproveche las ofertas y promociones exclusivas reservadas a los miembros de nuestro sitio. Como cliente de Albanu, recibir\u00e1 adelantos de nuestras nuevas colecciones, descuentos especiales e invitaciones a eventos privados.<\/p>\n<p style=\"text-align: justify;\"><strong>Asistencia personalizada<\/strong><br \/>\nNuestro equipo de atenci\u00f3n al cliente est\u00e1 a su disposici\u00f3n para responder a cualquier <a href=\"https:\/\/albanu.mc\/es\/preguntas-frecuentes\/\">pregunta<\/a> o proporcionarle asistencia. Si necesita asesoramiento sobre nuestros productos, preguntas sobre su <a href=\"https:\/\/albanu.mc\/es\/contacto\/\">cuenta<\/a> o informaci\u00f3n sobre sus pedidos, estamos aqu\u00ed para ayudarle.<\/p>\n<p>&nbsp;<\/p>\n<p style=\"text-align: justify;\">En resumen, el \u00e1rea \u00abMi cuenta\u00bb de Albanu est\u00e1 dise\u00f1ada para ofrecerle una experiencia de cliente personalizada y simplificada. Le agradecemos su confianza y lealtad, y nos comprometemos a ofrecerle un servicio excepcional en cada etapa de su viaje con nosotros.<\/p>\n<p style=\"text-align: justify;\">Con\u00e9ctese ahora a su cuenta Albanu y descubra todas las ventajas reservadas para usted.<\/p>\n<\/div><\/div><\/div><div class=\"GutCol2-wrap GutCol2-blocImage Right\"><picture class=\"GutCol2-picture\" ><img src = \"https:\/\/albanu.mc\/wp-content\/uploads\/2024\/06\/compte-510x588.jpg\" alt = \"Compte \/ Account\" \/><\/picture ><\/div ><\/div><\/div>","protected":false},"excerpt":{"rendered":"","protected":false},"author":1,"featured_media":0,"parent":0,"menu_order":0,"comment_status":"closed","ping_status":"closed","template":"","meta":{"_acf_changed":false,"inline_featured_image":false,"footnotes":""},"class_list":["post-14379","page","type-page","status-publish","hentry"],"acf":[],"_links":{"self":[{"href":"https:\/\/albanu.mc\/es\/wp-json\/wp\/v2\/pages\/14379","targetHints":{"allow":["GET"]}}],"collection":[{"href":"https:\/\/albanu.mc\/es\/wp-json\/wp\/v2\/pages"}],"about":[{"href":"https:\/\/albanu.mc\/es\/wp-json\/wp\/v2\/types\/page"}],"author":[{"embeddable":true,"href":"https:\/\/albanu.mc\/es\/wp-json\/wp\/v2\/users\/1"}],"replies":[{"embeddable":true,"href":"https:\/\/albanu.mc\/es\/wp-json\/wp\/v2\/comments?post=14379"}],"version-history":[{"count":4,"href":"https:\/\/albanu.mc\/es\/wp-json\/wp\/v2\/pages\/14379\/revisions"}],"predecessor-version":[{"id":14689,"href":"https:\/\/albanu.mc\/es\/wp-json\/wp\/v2\/pages\/14379\/revisions\/14689"}],"wp:attachment":[{"href":"https:\/\/albanu.mc\/es\/wp-json\/wp\/v2\/media?parent=14379"}],"curies":[{"name":"wp","href":"https:\/\/api.w.org\/{rel}","templated":true}]}}