{"id":12107,"date":"2023-03-22T11:40:35","date_gmt":"2023-03-22T10:40:35","guid":{"rendered":"http:\/\/localhost:10023\/piezas-postventa\/"},"modified":"2025-07-22T16:17:38","modified_gmt":"2025-07-22T14:17:38","slug":"piezas-postventa","status":"publish","type":"page","link":"https:\/\/albanu.mc\/es\/piezas-postventa\/","title":{"rendered":"Piezas de repuesto y servicio postventa"},"content":{"rendered":"<div class=\"GutText  GutContainer-full\"><div class=\"GutText-inner\"><div class=\"GutTitle Izquierda\"> <span class=\"GutTitle-title\">Materiales<\/span><\/div><div class=\"GutText-wysiwyg Content\"><h5>Tarifas de servicio postventa<\/h5>\n<p style=\"text-align: justify;\">Para cualquier cambio de material, todos nuestros precios est\u00e1n indicados a continuaci\u00f3n en IVA (Todos los Impuestos Incluidos). Encontrar\u00e1s tarifas claras y transparentes, sin costes ocultos. Nos comprometemos a ofrecer precios competitivos y actualizados para todos nuestros servicios, para garantizar una satisfacci\u00f3n \u00f3ptima. No dude en ponerse en contacto con nosotros para cualquier pregunta o solicitud de informaci\u00f3n adicional.   <\/p>\n<\/div><\/div><\/div><div class=\"GutImage  GutContainer-full\"><div class=\"GutImage-container\"><picture class=\"GutImage-pic\"><source srcset=\"https:\/\/albanu.mc\/wp-content\/uploads\/2024\/06\/SAV-768x360.jpg\" media=\"(max-width: 768px)\"><source srcset=\"https:\/\/albanu.mc\/wp-content\/uploads\/2024\/06\/SAV-992x465.jpg\" media=\"(max-width: 992px)\"><source srcset=\"https:\/\/albanu.mc\/wp-content\/uploads\/2024\/06\/SAV.jpg\" media=\"(min-width: 993px)\"><img decoding=\"async\" class=\"GutImage-img\" src=\"https:\/\/albanu.mc\/wp-content\/uploads\/2024\/06\/SAV.jpg\" alt=\"SAV \/ Service\" \/><\/picture><\/div><\/div><div class=\"GutCol2  GutContainer-full\"><div class=\"GutCol2-container\"><div class=\"GutTitle Izquierda\"> <span class=\"GutTitle-title\">Broches<\/span><\/div><div class=\"GutCol2-wrap GutCol2-blocImage Left\"><picture class=\"GutCol2-picture\" ><img src = \"\" alt = \"TARIFS\" \/><\/picture ><\/div ><div class=\"GutCol2-wrap GutCol2-blocImage Right\"><picture class=\"GutCol2-picture\" ><img src = \"\" alt = \"TARIFS2\" \/><\/picture ><\/div ><\/div><\/div><div class=\"GutCol2  GutContainer-full\"><div class=\"GutCol2-container\"><div class=\"GutTitle Izquierda\"> <span class=\"GutTitle-title\">Broches<\/span><\/div><div class=\"GutCol2-wrap GutCol2-blocImage Left\"><picture class=\"GutCol2-picture\" ><img src = \"\" alt = \"TARIFS3\" \/><\/picture ><\/div ><div class=\"GutCol2-wrap GutCol2-blocImage Right\"><picture class=\"GutCol2-picture\" ><img src = \"\" alt = \"TARIFS4\" \/><\/picture ><\/div ><\/div><\/div><div class=\"GutCol2  GutContainer-full\"><div class=\"GutCol2-container\"><div class=\"GutCol2-wrap GutCol2-blocImage Left\"><picture class=\"GutCol2-picture\" ><img src = \"\" alt = \"TARIFS5\" \/><\/picture ><\/div ><\/div><\/div><div class=\"GutBanner  GutContainer-full\"><picture class=\"GutBanner-picture\"><source srcset=\"https:\/\/albanu.mc\/wp-content\/uploads\/2024\/06\/SAV-banner-768x300.jpg\" media=\"(max-width: 768px)\"><source srcset=\"https:\/\/albanu.mc\/wp-content\/uploads\/2024\/06\/SAV-banner-992x300.jpg\" media=\"(max-width: 992px)\"><source srcset=\"https:\/\/albanu.mc\/wp-content\/uploads\/2024\/06\/SAV-banner.jpg\" media=\"(min-width: 993px)\"><img decoding=\"async\" class=\"GutBanner-img\" src=\"https:\/\/albanu.mc\/wp-content\/uploads\/2024\/06\/SAV-banner.jpg\" alt=\"SAV banner\" \/><\/picture><div class=\"GutBanner-inner\"><h2 class=\"GutBanner-teaser1 Content\">SERVICIO  <\/h2><\/div><\/div>","protected":false},"excerpt":{"rendered":"","protected":false},"author":1,"featured_media":0,"parent":0,"menu_order":0,"comment_status":"closed","ping_status":"closed","template":"","meta":{"_acf_changed":false,"inline_featured_image":false,"footnotes":""},"class_list":["post-12107","page","type-page","status-publish","hentry"],"acf":[],"_links":{"self":[{"href":"https:\/\/albanu.mc\/es\/wp-json\/wp\/v2\/pages\/12107","targetHints":{"allow":["GET"]}}],"collection":[{"href":"https:\/\/albanu.mc\/es\/wp-json\/wp\/v2\/pages"}],"about":[{"href":"https:\/\/albanu.mc\/es\/wp-json\/wp\/v2\/types\/page"}],"author":[{"embeddable":true,"href":"https:\/\/albanu.mc\/es\/wp-json\/wp\/v2\/users\/1"}],"replies":[{"embeddable":true,"href":"https:\/\/albanu.mc\/es\/wp-json\/wp\/v2\/comments?post=12107"}],"version-history":[{"count":6,"href":"https:\/\/albanu.mc\/es\/wp-json\/wp\/v2\/pages\/12107\/revisions"}],"predecessor-version":[{"id":19412,"href":"https:\/\/albanu.mc\/es\/wp-json\/wp\/v2\/pages\/12107\/revisions\/19412"}],"wp:attachment":[{"href":"https:\/\/albanu.mc\/es\/wp-json\/wp\/v2\/media?parent=12107"}],"curies":[{"name":"wp","href":"https:\/\/api.w.org\/{rel}","templated":true}]}}