{"id":12100,"date":"2023-03-22T11:31:18","date_gmt":"2023-03-22T10:31:18","guid":{"rendered":"http:\/\/localhost:10023\/opcion-de-entrega\/"},"modified":"2024-12-02T16:09:29","modified_gmt":"2024-12-02T15:09:29","slug":"opcion-de-entrega","status":"publish","type":"page","link":"https:\/\/albanu.mc\/es\/opcion-de-entrega\/","title":{"rendered":"Opci\u00f3n de entrega"},"content":{"rendered":"<div class=\"GutCol2  GutContainer-full\"><div class=\"GutCol2-container\"><div class=\"GutCol2-wrap GutCol2-blocTexteLeft\"><div class=\"GutCol2-blocTexte--inner\"><div class=\"GutCol2-text Content\"><h5>Servicio de entrega<\/h5>\n<p style=\"text-align: justify;\">Albanu garantiza la entrega de sus productos a trav\u00e9s de varios servicios log\u00edsticos de renombre como La Poste, Colissimo y DHL. Estas asociaciones permiten el env\u00edo r\u00e1pido y seguro de pedidos a clientes de todo el mundo. La Poste garantiza una entrega eficiente en Francia, mientras que Colissimo ofrece un seguimiento preciso y fiable de los paquetes. Para env\u00edos internacionales o expr\u00e9s, Albanu conf\u00eda en DHL, que es conocida por su rapidez y fiabilidad a nivel internacional. As\u00ed, ya sea para productos locales o env\u00edos internacionales, Albanu se asegura de que cada cliente reciba sus pedidos en las mejores condiciones y dentro de los plazos acordados.    <\/p>\n<\/div><\/div><\/div><div class=\"GutCol2-wrap GutCol2-blocImage Right\"><picture class=\"GutCol2-picture\" ><img src = \"https:\/\/albanu.mc\/wp-content\/uploads\/2024\/06\/delivery.jpg\" alt = \"Livraison \/ Delivery\" \/><\/picture ><\/div ><\/div><\/div>\n\n<div class=\"GutAccordions  GutContainer-full\"><div class=\"GutAccordions-inner\"><div class=\"GutAccordions-list\" ><div class=\"GutAccordions-item __accordion-parent\" ><div class=\"GutAccordions-title __accordion-link\" >Opci\u00f3n de entrega<\/div><div class=\"GutAccordions-text Content __accordion-content\" ><p style=\"font-weight: 400;\"><strong>Francia y M\u00f3naco<\/strong><\/p>\n<p style=\"font-weight: 400;\">Para todos los productos entregados en Francia, los costos son gratuitos por <a href=\"https:\/\/www.colissimo.entreprise.laposte.fr\/en\" target=\"_blank\" rel=\"noopener\">colissimo<\/a>, de 2 a 5 d\u00edas h\u00e1biles.<\/p>\n<p style=\"font-weight: 400;\">Ofrecemos env\u00edo en 24\/48 horas por <a href=\"https:\/\/www.chronopost.fr\/en\/private\/track-your-parcel\" target=\"_blank\" rel=\"noopener\">Chronopos<\/a>.<\/p>\n<p style=\"font-weight: 400;\">Ofrecemos env\u00edo en 24 horas \/ 48 horas por <a href=\"https:\/\/www.dhl.com\/\" target=\"_blank\" rel=\"noopener\">DHL<\/a> Express excluyendo fines de semana.<\/p>\n<p style=\"font-weight: 400;\">Los gastos de env\u00edo se aplicar\u00e1n cuando se recapitule su carrito.<\/p>\n<p>&nbsp;<\/p>\n<p><strong>Europa y el resto del mundo<\/strong><\/p>\n<p>En el caso de env\u00edos internacionales, el env\u00edo de su paquete estar\u00e1 asegurado por la oficina de correos y el tiempo var\u00eda seg\u00fan el pa\u00eds. Por lo tanto, el precio de env\u00edo se le indicar\u00e1 cuando recapitule su cesta. Se ofrece env\u00edo por correo. <\/p>\n<\/div><\/div><div class=\"GutAccordions-item __accordion-parent\" ><div class=\"GutAccordions-title __accordion-link\" >Entrega en el taller<\/div><div class=\"GutAccordions-text Content __accordion-content\" ><p><strong>\u00bfPuedo recibir mi pedido en el taller?<\/strong><\/p>\n<p>S\u00ed, es posible recoger su pedido directamente en el Atelier, para ello s\u00f3lo tiene que ponerse en contacto con nosotros por correo electr\u00f3nico o por tel\u00e9fono a trav\u00e9s del <a href=\"https:\/\/albanu.mc\/es\/contacto\/\">servicio<\/a> de atenci\u00f3n al cliente.<\/p>\n<p>&nbsp;<\/p>\n<p><strong>\u00bfCu\u00e1nto tiempo tengo para recoger mi pedido en el taller?<\/strong><\/p>\n<p style=\"font-weight: 400;\">Dispones de 30 d\u00edas para recoger tu pedido en el taller, pasado este tiempo se te enviar\u00e1 y se te aplicar\u00e1n los gastos de env\u00edo.<\/p>\n<p>&nbsp;<\/p>\n<\/div><\/div><div class=\"GutAccordions-item __accordion-parent\" ><div class=\"GutAccordions-title __accordion-link\" >Entrega de cambios<\/div><div class=\"GutAccordions-text Content __accordion-content\" ><p style=\"font-weight: 400;\">Puede ponerse en contacto con nosotros por tel\u00e9fono al +377 98 99 65 00 y por correo electr\u00f3nico a <a href=\"mailto:contact@albanu.mc\">contact@albanu.mc<\/a>, podemos realizar el cambio de direcci\u00f3n internamente antes del env\u00edo.<\/p>\n<p style=\"font-weight: 400;\">Cualquier pedido que ya haya enviado el cambio de direcci\u00f3n no se podr\u00e1 tener en cuenta.<\/p>\n<\/div><\/div><\/div><\/div><\/div>","protected":false},"excerpt":{"rendered":"","protected":false},"author":1,"featured_media":0,"parent":0,"menu_order":0,"comment_status":"closed","ping_status":"closed","template":"","meta":{"_acf_changed":false,"inline_featured_image":false,"footnotes":""},"class_list":["post-12100","page","type-page","status-publish","hentry"],"acf":[],"_links":{"self":[{"href":"https:\/\/albanu.mc\/es\/wp-json\/wp\/v2\/pages\/12100","targetHints":{"allow":["GET"]}}],"collection":[{"href":"https:\/\/albanu.mc\/es\/wp-json\/wp\/v2\/pages"}],"about":[{"href":"https:\/\/albanu.mc\/es\/wp-json\/wp\/v2\/types\/page"}],"author":[{"embeddable":true,"href":"https:\/\/albanu.mc\/es\/wp-json\/wp\/v2\/users\/1"}],"replies":[{"embeddable":true,"href":"https:\/\/albanu.mc\/es\/wp-json\/wp\/v2\/comments?post=12100"}],"version-history":[{"count":2,"href":"https:\/\/albanu.mc\/es\/wp-json\/wp\/v2\/pages\/12100\/revisions"}],"predecessor-version":[{"id":14690,"href":"https:\/\/albanu.mc\/es\/wp-json\/wp\/v2\/pages\/12100\/revisions\/14690"}],"wp:attachment":[{"href":"https:\/\/albanu.mc\/es\/wp-json\/wp\/v2\/media?parent=12100"}],"curies":[{"name":"wp","href":"https:\/\/api.w.org\/{rel}","templated":true}]}}