{"id":12092,"date":"2023-03-21T10:17:12","date_gmt":"2023-03-21T09:17:12","guid":{"rendered":"http:\/\/localhost:10023\/politica-de-privacidad\/"},"modified":"2024-10-09T23:09:33","modified_gmt":"2024-10-09T21:09:33","slug":"politica-de-privacidad","status":"publish","type":"page","link":"https:\/\/albanu.mc\/es\/politica-de-privacidad\/","title":{"rendered":"Pol\u00edtica de privacidad"},"content":{"rendered":"<div class=\"GutText  GutContainer-full\"><div class=\"GutText-inner\"><div class=\"GutText-wysiwyg Content\"><p><!-- wp:heading --><\/p>\n<h4>Pol\u00edtica de privacidad<\/h4>\n<h3><\/h3>\n<h5 class=\"wp-block-heading\" style=\"text-align: justify;\">\u00bfQui\u00e9nes somos?<\/h5>\n<p style=\"text-align: justify;\"><!-- \/wp:heading --> <!-- wp:paragraph --><\/p>\n<p style=\"text-align: justify;\">La direcci\u00f3n de nuestro sitio web es: <a href=\"http:\/\/localhost:10023\/es\/\" target=\"_blank\" rel=\"noopener\">http:\/\/localhost:10023<\/a>.<\/p>\n<p style=\"text-align: justify;\"><!-- \/wp:paragraph --> <!-- wp:heading --><\/p>\n<h5 class=\"wp-block-heading\" style=\"text-align: justify;\">Retroalimentaci\u00f3n<\/h5>\n<p style=\"text-align: justify;\"><!-- \/wp:heading --> <!-- wp:paragraph --><\/p>\n<p style=\"text-align: justify;\">Cuando deja un comentario en nuestro sitio, los datos introducidos en el formulario de comentarios, as\u00ed como su direcci\u00f3n IP y el agente de usuario de su navegador, se recopilan para ayudarnos a detectar comentarios no deseados.<\/p>\n<p style=\"text-align: justify;\"><!-- \/wp:paragraph --> <!-- wp:paragraph --><\/p>\n<p style=\"text-align: justify;\">Una cadena an\u00f3nima creada a partir de su direcci\u00f3n de correo electr\u00f3nico (tambi\u00e9n conocida como hash) puede enviarse al servicio Gravatar para verificar si est\u00e1 utilizando el servicio Gravatar. La pol\u00edtica de privacidad del servicio Gravatar se puede encontrar aqu\u00ed: <a href=\"https:\/\/automattic.com\/privacy\/\" target=\"_blank\" rel=\"noopener\">https:\/\/automattic.com\/privacy\/<\/a>. Despu\u00e9s de validar su comentario, su foto de perfil ser\u00e1 visible p\u00fablicamente junto a su comentario.  <\/p>\n<p style=\"text-align: justify;\"><!-- \/wp:paragraph --> <!-- wp:heading --><\/p>\n<h5 class=\"wp-block-heading\" style=\"text-align: justify;\">Medio<\/h5>\n<p style=\"text-align: justify;\"><!-- \/wp:heading --> <!-- wp:paragraph --><\/p>\n<p style=\"text-align: justify;\">Si subes im\u00e1genes al sitio, te aconsejamos que evites subir im\u00e1genes que contengan datos EXIF de coordenadas GPS. Las personas que visitan su sitio pueden descargar y extraer datos de ubicaci\u00f3n de estas im\u00e1genes. <\/p>\n<p style=\"text-align: justify;\"><!-- \/wp:paragraph --> <!-- wp:heading --><\/p>\n<h5 class=\"wp-block-heading\" style=\"text-align: justify;\">Galletas<\/h5>\n<p style=\"text-align: justify;\"><!-- \/wp:heading --> <!-- wp:paragraph --><\/p>\n<p style=\"text-align: justify;\">Si deja un comentario en nuestro sitio, se le ofrecer\u00e1 almacenar su nombre, direcci\u00f3n de correo electr\u00f3nico y sitio en cookies con total confidencialidad. Esto es solo para su conveniencia para que no tenga que ingresar esta informaci\u00f3n si deja otro comentario m\u00e1s tarde. Estas cookies caducan despu\u00e9s de un a\u00f1o.  <\/p>\n<p style=\"text-align: justify;\"><!-- \/wp:paragraph --> <!-- wp:paragraph --><\/p>\n<p style=\"text-align: justify;\">Si va a la p\u00e1gina de inicio de sesi\u00f3n, se crear\u00e1 una cookie temporal para determinar si su navegador acepta cookies. No contiene ning\u00fan dato personal y se eliminar\u00e1 autom\u00e1ticamente cuando cierre el navegador. <\/p>\n<p style=\"text-align: justify;\"><!-- \/wp:paragraph --> <!-- wp:paragraph --><\/p>\n<p style=\"text-align: justify;\">Cuando inicie sesi\u00f3n, estableceremos una serie de cookies para almacenar su informaci\u00f3n de inicio de sesi\u00f3n y sus preferencias de pantalla de manera confidencial. La vida \u00fatil de una cookie de inicio de sesi\u00f3n es de dos d\u00edas, la de una cookie de opci\u00f3n de pantalla es de un a\u00f1o. Si marca la casilla \u00abRecordarme\u00bb, su cookie de inicio de sesi\u00f3n se almacenar\u00e1 durante dos semanas. Si cierra la sesi\u00f3n de su cuenta, se eliminar\u00e1 la cookie de inicio de sesi\u00f3n.   <\/p>\n<p style=\"text-align: justify;\"><!-- \/wp:paragraph --> <!-- wp:paragraph --><\/p>\n<p style=\"text-align: justify;\">Cuando edite o publique una publicaci\u00f3n, se almacenar\u00e1 una cookie adicional en su navegador. Esta cookie no incluye ning\u00fan dato personal. Simplemente muestra el ID de la publicaci\u00f3n que acabas de editar. Caduca al cabo de un d\u00eda.   <\/p>\n<p style=\"text-align: center;\"><!-- \/wp:paragraph --> <!-- wp:heading --><\/p>\n<h5 class=\"wp-block-heading\" style=\"text-align: justify;\">Contenido incrustado de otros sitios<\/h5>\n<p style=\"text-align: justify;\"><!-- \/wp:heading --> <!-- wp:paragraph --><\/p>\n<p style=\"text-align: justify;\">Los art\u00edculos de este sitio pueden incluir contenido incrustado (por ejemplo, v\u00eddeos, im\u00e1genes, art\u00edculos, etc.). El contenido incrustado de otros sitios se comporta de la misma manera que si el visitante fuera a ese otro sitio. <\/p>\n<p style=\"text-align: justify;\"><!-- \/wp:paragraph --> <!-- wp:paragraph --><\/p>\n<p style=\"text-align: justify;\">Estos sitios web pueden recopilar datos sobre usted, utilizar cookies, incrustar herramientas de seguimiento de terceros, rastrear sus interacciones con este contenido incrustado si tiene una cuenta conectada en su sitio web.<\/p>\n<p style=\"text-align: justify;\"><!-- \/wp:paragraph --> <!-- wp:heading --><\/p>\n<h5 class=\"wp-block-heading\" style=\"text-align: justify;\">Uso y divulgaci\u00f3n de sus datos personales<\/h5>\n<p style=\"text-align: justify;\"><!-- \/wp:heading --> <!-- wp:paragraph --><\/p>\n<p style=\"text-align: justify;\">Si solicita un restablecimiento de contrase\u00f1a, su direcci\u00f3n IP se incluir\u00e1 en el correo electr\u00f3nico de restablecimiento de manera confidencial.<\/p>\n<p style=\"text-align: justify;\"><!-- \/wp:paragraph --> <!-- wp:heading --><\/p>\n<h5 class=\"wp-block-heading\" style=\"text-align: justify;\">Cu\u00e1nto tiempo se almacenan sus datos<\/h5>\n<p style=\"text-align: justify;\"><!-- \/wp:heading --> <!-- wp:paragraph --><\/p>\n<p style=\"text-align: justify;\">Si dejas un comentario, el comentario y sus metadatos se conservan indefinidamente. Esto le permite reconocer y aprobar autom\u00e1ticamente los comentarios posteriores en lugar de dejarlos en la cola de moderaci\u00f3n. <\/p>\n<p style=\"text-align: justify;\"><!-- \/wp:paragraph --> <!-- wp:paragraph --><\/p>\n<p style=\"text-align: justify;\">En el caso de las cuentas que se registran en nuestro sitio (si las hay), tambi\u00e9n almacenamos los datos personales indicados en su perfil. Todas las cuentas pueden ver, editar o eliminar su informaci\u00f3n personal en cualquier momento (excepto su inicio de sesi\u00f3n). Los administradores del sitio tambi\u00e9n pueden ver y editar esta informaci\u00f3n.  <\/p>\n<p style=\"text-align: center;\"><!-- \/wp:paragraph --> <!-- wp:heading --><\/p>\n<h5 class=\"wp-block-heading\" style=\"text-align: justify;\">Los derechos que tienes sobre tus datos<\/h5>\n<p style=\"text-align: justify;\"><!-- \/wp:heading --> <!-- wp:paragraph --><\/p>\n<p style=\"text-align: justify;\">Si tiene una cuenta o ha dejado comentarios en el sitio, puede solicitar recibir un archivo que contenga todos los datos personales que tenemos sobre usted, incluidos los datos personales que nos haya proporcionado. Tambi\u00e9n puede solicitar la eliminaci\u00f3n de sus datos personales. Esto no tiene en cuenta los datos almacenados con fines administrativos, legales o de seguridad.  <\/p>\n<p style=\"text-align: center;\"><!-- \/wp:paragraph --> <!-- wp:heading --><\/p>\n<h5 class=\"wp-block-heading\" style=\"text-align: justify;\">D\u00f3nde se env\u00edan sus datos<\/h5>\n<p style=\"text-align: justify;\"><!-- \/wp:heading --> <!-- wp:paragraph --><\/p>\n<p style=\"text-align: justify;\">Los comentarios de los visitantes se pueden comprobar mediante un servicio automatizado de detecci\u00f3n de spam.<!-- \/wp:paragraph --><\/p>\n<\/div><\/div><\/div><div class=\"GutImage  GutContainer-full\"><div class=\"GutImage-container\"><picture class=\"GutImage-pic\"><source srcset=\"https:\/\/albanu.mc\/wp-content\/uploads\/2024\/06\/confidentialite-768x360.jpg\" media=\"(max-width: 768px)\"><source srcset=\"https:\/\/albanu.mc\/wp-content\/uploads\/2024\/06\/confidentialite-992x465.jpg\" media=\"(max-width: 992px)\"><source srcset=\"https:\/\/albanu.mc\/wp-content\/uploads\/2024\/06\/confidentialite.jpg\" media=\"(min-width: 993px)\"><img decoding=\"async\" class=\"GutImage-img\" src=\"https:\/\/albanu.mc\/wp-content\/uploads\/2024\/06\/confidentialite.jpg\" alt=\"\" \/><\/picture><\/div><\/div>","protected":false},"excerpt":{"rendered":"","protected":false},"author":1,"featured_media":0,"parent":0,"menu_order":0,"comment_status":"closed","ping_status":"open","template":"","meta":{"_acf_changed":false,"inline_featured_image":false,"footnotes":""},"class_list":["post-12092","page","type-page","status-publish","hentry"],"acf":[],"_links":{"self":[{"href":"https:\/\/albanu.mc\/es\/wp-json\/wp\/v2\/pages\/12092","targetHints":{"allow":["GET"]}}],"collection":[{"href":"https:\/\/albanu.mc\/es\/wp-json\/wp\/v2\/pages"}],"about":[{"href":"https:\/\/albanu.mc\/es\/wp-json\/wp\/v2\/types\/page"}],"author":[{"embeddable":true,"href":"https:\/\/albanu.mc\/es\/wp-json\/wp\/v2\/users\/1"}],"replies":[{"embeddable":true,"href":"https:\/\/albanu.mc\/es\/wp-json\/wp\/v2\/comments?post=12092"}],"version-history":[{"count":1,"href":"https:\/\/albanu.mc\/es\/wp-json\/wp\/v2\/pages\/12092\/revisions"}],"predecessor-version":[{"id":12094,"href":"https:\/\/albanu.mc\/es\/wp-json\/wp\/v2\/pages\/12092\/revisions\/12094"}],"wp:attachment":[{"href":"https:\/\/albanu.mc\/es\/wp-json\/wp\/v2\/media?parent=12092"}],"curies":[{"name":"wp","href":"https:\/\/api.w.org\/{rel}","templated":true}]}}