{"id":12086,"date":"2023-03-23T14:48:29","date_gmt":"2023-03-23T13:48:29","guid":{"rendered":"http:\/\/localhost:10023\/compromiso\/"},"modified":"2024-10-30T10:59:22","modified_gmt":"2024-10-30T09:59:22","slug":"compromiso","status":"publish","type":"page","link":"https:\/\/albanu.mc\/es\/compromiso\/","title":{"rendered":"Compromiso"},"content":{"rendered":"<div class=\"GutText  GutContainer-full\"><div class=\"GutText-inner\"><div class=\"GutText-wysiwyg Content\"><h5 style=\"text-align: justify;\">El compromiso de Albanu: protecci\u00f3n y trazabilidad a trav\u00e9s de la Fundaci\u00f3n de Vida Silvestre de Albanu<\/h5>\n<p style=\"text-align: justify;\">Desde su creaci\u00f3n en 1928, Albanu ha encarnado la excelencia y la innovaci\u00f3n en el mundo de la joyer\u00eda. En 2020, la casa dio un nuevo paso al fundar la <a href=\"https:\/\/fr.thealbanufoundation.org\" target=\"_blank\" rel=\"noopener\">Albanu Wildlife Foundation<\/a>, una apuesta visionaria dedicada a la protecci\u00f3n de elefantes y rinocerontes en el sur de \u00c1frica. Albanu est\u00e1 firmemente comprometido con la salvaguarda de estas especies amenazadas por la caza furtiva y la destrucci\u00f3n de su h\u00e1bitat natural.<\/p>\n<h6 style=\"text-align: justify;\">Protecci\u00f3n de Especies en Peligro de Extinci\u00f3n<\/h6>\n<p style=\"text-align: justify;\">A trav\u00e9s de la <a href=\"https:\/\/albanu.mc\/es\/compromiso\/albanu-fundacion-de-fauna-de-la-fauna\/\">Fundaci\u00f3n de Vida Silvestre de Albanu<\/a>, Albanu implementa acciones concretas y efectivas para la conservaci\u00f3n de la vida silvestre. Para financiar estas iniciativas, Albanu dona entre el 10 y el 50% de las ventas de algunas de sus pulseras, lo que permite a sus clientes contribuir directamente a la protecci\u00f3n y supervivencia de elefantes y rinocerontes. Este compromiso se refleja en programas contra la caza furtiva, proyectos de restauraci\u00f3n del h\u00e1bitat e iniciativas educativas para crear conciencia entre las comunidades locales sobre la conservaci\u00f3n de la biodiversidad.<\/p>\n<h6 style=\"text-align: justify;\">Trazabilidad del producto y origen del material<\/h6>\n<p style=\"text-align: justify;\">Albanu tambi\u00e9n se compromete a garantizar la trazabilidad de sus productos asegurando un <a href=\"https:\/\/albanu.mc\/es\/compromiso\/origen\/\">origen<\/a> \u00e9tico y responsable de los materiales utilizados. Cada material, ya sea pelo de elefante, pelo de jirafa, cuerno de b\u00fafalo, pelo de caballo, cuero de manzana, pelo de mamut o perla de Tahit\u00ed, se selecciona con el m\u00e1ximo cuidado, de acuerdo con los est\u00e1ndares de sostenibilidad y conservaci\u00f3n. Esta trazabilidad no solo garantiza la autenticidad y la calidad de las joyas, sino que tambi\u00e9n garantiza que su fabricaci\u00f3n contribuya a pr\u00e1cticas respetuosas con el medio ambiente y los animales.<\/p>\n<h6 style=\"text-align: justify;\">Un enfoque \u00e9tico y responsable<\/h6>\n<p style=\"text-align: justify;\">Al elegir las creaciones de Albanu, no solo est\u00e1 apoyando una artesan\u00eda excepcional, sino que tambi\u00e9n est\u00e1 participando en un enfoque \u00e9tico y responsable. Albanu se esfuerza por combinar la belleza, la innovaci\u00f3n y el respeto por la naturaleza, participando activamente en la protecci\u00f3n de la vida silvestre y garantizando una total transparencia sobre el origen de sus materias primas.<\/p>\n<p style=\"text-align: justify;\">Descubre el mundo de Albanu y \u00fanete a nosotros en esta aventura dedicada a la preservaci\u00f3n y conservaci\u00f3n de los tesoros naturales de nuestro planeta. Juntos, marquemos la diferencia para las generaciones futuras.<\/p>\n<\/div><\/div><\/div>\n\n<div class=\"GutVideo BgColor\"><div class=\"GutContainer-full\"><div class=\"GutVideo-inner __video_parent\"><picture class=\"GutVideo-pic __video_open\"><source srcset=\"https:\/\/albanu.mc\/wp-content\/uploads\/2024\/02\/Sans-titre-3-1-768x433.png\" media=\"(max-width: 768px)\"><source srcset=\"https:\/\/albanu.mc\/wp-content\/uploads\/2024\/02\/Sans-titre-3-1-992x559.png\" media=\"(max-width: 992px)\"><source srcset=\"https:\/\/albanu.mc\/wp-content\/uploads\/2024\/02\/Sans-titre-3-1.png\" media=\"(min-width: 993px)\"><img decoding=\"async\" class=\"GutVideo-img\" src=\"https:\/\/albanu.mc\/wp-content\/uploads\/2024\/02\/Sans-titre-3-1.png\" alt=\"Albanu Wildlife Foundation \/ Engagement\" \/><\/picture><video class=\"GutVideo-in __video_in\" controls><source src=\"https:\/\/albanu.mc\/wp-content\/uploads\/2024\/02\/AWF-FR.mp4\" type=\"video\/mp4\"><\/video><\/div><\/div><\/div>","protected":false},"excerpt":{"rendered":"","protected":false},"author":1,"featured_media":0,"parent":0,"menu_order":0,"comment_status":"closed","ping_status":"closed","template":"","meta":{"_acf_changed":false,"inline_featured_image":false,"footnotes":""},"class_list":["post-12086","page","type-page","status-publish","hentry"],"acf":[],"_links":{"self":[{"href":"https:\/\/albanu.mc\/es\/wp-json\/wp\/v2\/pages\/12086","targetHints":{"allow":["GET"]}}],"collection":[{"href":"https:\/\/albanu.mc\/es\/wp-json\/wp\/v2\/pages"}],"about":[{"href":"https:\/\/albanu.mc\/es\/wp-json\/wp\/v2\/types\/page"}],"author":[{"embeddable":true,"href":"https:\/\/albanu.mc\/es\/wp-json\/wp\/v2\/users\/1"}],"replies":[{"embeddable":true,"href":"https:\/\/albanu.mc\/es\/wp-json\/wp\/v2\/comments?post=12086"}],"version-history":[{"count":2,"href":"https:\/\/albanu.mc\/es\/wp-json\/wp\/v2\/pages\/12086\/revisions"}],"predecessor-version":[{"id":14190,"href":"https:\/\/albanu.mc\/es\/wp-json\/wp\/v2\/pages\/12086\/revisions\/14190"}],"wp:attachment":[{"href":"https:\/\/albanu.mc\/es\/wp-json\/wp\/v2\/media?parent=12086"}],"curies":[{"name":"wp","href":"https:\/\/api.w.org\/{rel}","templated":true}]}}