{"id":12082,"date":"2023-03-23T14:45:45","date_gmt":"2023-03-23T13:45:45","guid":{"rendered":"http:\/\/localhost:10023\/sastre\/"},"modified":"2024-11-20T15:59:20","modified_gmt":"2024-11-20T14:59:20","slug":"sastre","status":"publish","type":"page","link":"https:\/\/albanu.mc\/es\/sastre\/","title":{"rendered":"Equus personalizado"},"content":{"rendered":"<div class=\"GutCol2  GutContainer-full\"><div class=\"GutCol2-container\"><div class=\"GutCol2-wrap GutCol2-blocTexteLeft\"><div class=\"GutCol2-blocTexte--inner\"><div class=\"GutCol2-text Content\"><h6 style=\"text-align: justify;\">Pulseras y accesorios<\/h6>\n<h4 style=\"text-align: justify;\">Hecho a medida<\/h4>\n<h6 style=\"text-align: justify;\">Albanu, M\u00f3naco, 1928<\/h6>\n<p>&nbsp;<\/p>\n<p style=\"text-align: justify;\">Desde su creaci\u00f3n en 1928, Albanu se ha consolidado como un referente imprescindible en el mundo de la joyer\u00eda, especializ\u00e1ndose en la creaci\u00f3n de pulseras excepcionales. Nuestro saber hacer \u00fanico nos permite ofrecerle pulseras a medida hechas con su propio pelo de caballo, un toque personal e \u00edntimo que hace de cada una de nuestras creaciones una obra de arte \u00fanica.<\/p>\n<p>&nbsp;<\/p>\n<p style=\"text-align: justify;\">En Albanu, entendemos la importancia de los detalles; Es por eso que tambi\u00e9n te ofrecemos personalizar el cierre de tu pulsera poniendo un grabado que te represente. Esta personalizaci\u00f3n hace que sus joyas no solo sean un accesorio de moda distintivo, sino tambi\u00e9n un verdadero s\u00edmbolo de la uni\u00f3n entre usted y su corcel.<\/p>\n<p>&nbsp;<\/p>\n<p style=\"text-align: justify;\">Descubra la elegancia atemporal y el profundo significado que una pulsera <a href=\"https:\/\/www.instagram.com\/albanu1928\/\" target=\"_blank\" rel=\"noopener\">Albanu<\/a> aporta a su mu\u00f1eca.<\/p>\n<\/div><\/div><\/div><div class=\"GutCol2-wrap GutCol2-blocImage Right\"><picture class=\"GutCol2-picture\" ><img src = \"https:\/\/albanu.mc\/wp-content\/uploads\/2024\/03\/esm-1-664x480.png\" alt = \"\" \/><\/picture ><\/div ><\/div><\/div>\n\n<div class=\"GutCol2  GutContainer-full\"><div class=\"GutCol2-container\"><div class=\"GutCol2-wrap GutCol2-blocImage Left\"><picture class=\"GutCol2-picture\" ><img src = \"https:\/\/albanu.mc\/wp-content\/uploads\/2024\/06\/sur-mesure.jpg\" alt = \"sur mesure \/ tailor made\" \/><\/picture ><\/div ><div class=\"GutCol2-wrap GutCol2-blocTexteRight\"><div class=\"GutCol2-blocTexte--inner\"><div class=\"GutCol2-text Content\"><h6 style=\"text-align: justify;\">Pulseras y accesorios<\/h6>\n<h4 style=\"text-align: justify;\">Proporcionando la crin de caballo<\/h4>\n<h6 style=\"text-align: justify;\">Albanu, M\u00f3naco, 1928<\/h6>\n<p>&nbsp;<\/p>\n<p style=\"text-align: justify;\">Fieles a nuestro compromiso con el bienestar animal, inscribimos cada creaci\u00f3n en una \u00e9tica rigurosa. En esta misma b\u00fasqueda de sensibilidad y respeto, permanecemos atentos a sus necesidades y deseos, deseando responder a todas sus solicitudes relativas a la composici\u00f3n de su pieza \u00fanica. Su satisfacci\u00f3n y respeto por sus valores est\u00e1n en el coraz\u00f3n de nuestro enfoque creativo.<\/p>\n<p>&nbsp;<\/p>\n<p style=\"text-align: justify;\">Para garantizar la creaci\u00f3n de pulseras perfectamente adaptadas a sus expectativas, le invitamos a proporcionar el pelo de cola de caballo, con una <strong>longitud de 50 a 90 cm<\/strong> y un <strong>di\u00e1metro de 2 a 3 cm<\/strong>. Este enfoque personalizado te permitir\u00e1 crear piezas \u00fanicas y aut\u00e9nticas, reflejando tu estilo y tus convicciones.<\/p>\n<p>&nbsp;<\/p>\n<p>&nbsp;<\/p>\n<p style=\"text-align: center;\"><a class=\"HomeProduits-button Button-primary\" href=\"https:\/\/albanu.mc\/es\/boutique\/pulseras\/personalizacion\/\" target=\"\">Descubre nuestros productos<\/a><\/p>\n<\/div><\/div><\/div><\/div><\/div>\n\n<div class=\"GutGallery  GutContainer-full\"><div class=\"GutGallery-container three_column __gallery\" id=\"gallery_69e1829c2c72c\" data-galleryid=\"gallery_69e1829c2c72c\"><a class=\"GutGallery-item\" href=\"https:\/\/albanu.mc\/wp-content\/uploads\/2024\/06\/sm1.jpg\" data-lg-size=\"https:\/\/albanu.mc\/wp-content\/uploads\/2024\/06\/sm1.jpg\" data-sub-html=\"\"><picture class=\"GutGallery-pic\"><img decoding=\"async\" class=\"GutGallery-img\" src=\"https:\/\/albanu.mc\/wp-content\/uploads\/2024\/06\/sm1.jpg\" alt=\"1\"><\/picture><\/a><a class=\"GutGallery-item\" href=\"https:\/\/albanu.mc\/wp-content\/uploads\/2024\/06\/sm3.jpg\" data-lg-size=\"https:\/\/albanu.mc\/wp-content\/uploads\/2024\/06\/sm3.jpg\" data-sub-html=\"\"><picture class=\"GutGallery-pic\"><img decoding=\"async\" class=\"GutGallery-img\" src=\"https:\/\/albanu.mc\/wp-content\/uploads\/2024\/06\/sm3.jpg\" alt=\"1\"><\/picture><\/a><a class=\"GutGallery-item\" href=\"https:\/\/albanu.mc\/wp-content\/uploads\/2024\/06\/sm2.jpg\" data-lg-size=\"https:\/\/albanu.mc\/wp-content\/uploads\/2024\/06\/sm2.jpg\" data-sub-html=\"\"><picture class=\"GutGallery-pic\"><img decoding=\"async\" class=\"GutGallery-img\" src=\"https:\/\/albanu.mc\/wp-content\/uploads\/2024\/06\/sm2.jpg\" alt=\"1\"><\/picture><\/a><\/div><\/div>","protected":false},"excerpt":{"rendered":"","protected":false},"author":1,"featured_media":0,"parent":0,"menu_order":0,"comment_status":"closed","ping_status":"closed","template":"","meta":{"_acf_changed":false,"inline_featured_image":false,"footnotes":""},"class_list":["post-12082","page","type-page","status-publish","hentry"],"acf":[],"_links":{"self":[{"href":"https:\/\/albanu.mc\/es\/wp-json\/wp\/v2\/pages\/12082","targetHints":{"allow":["GET"]}}],"collection":[{"href":"https:\/\/albanu.mc\/es\/wp-json\/wp\/v2\/pages"}],"about":[{"href":"https:\/\/albanu.mc\/es\/wp-json\/wp\/v2\/types\/page"}],"author":[{"embeddable":true,"href":"https:\/\/albanu.mc\/es\/wp-json\/wp\/v2\/users\/1"}],"replies":[{"embeddable":true,"href":"https:\/\/albanu.mc\/es\/wp-json\/wp\/v2\/comments?post=12082"}],"version-history":[{"count":3,"href":"https:\/\/albanu.mc\/es\/wp-json\/wp\/v2\/pages\/12082\/revisions"}],"predecessor-version":[{"id":14443,"href":"https:\/\/albanu.mc\/es\/wp-json\/wp\/v2\/pages\/12082\/revisions\/14443"}],"wp:attachment":[{"href":"https:\/\/albanu.mc\/es\/wp-json\/wp\/v2\/media?parent=12082"}],"curies":[{"name":"wp","href":"https:\/\/api.w.org\/{rel}","templated":true}]}}