{"id":12080,"date":"2023-03-23T14:53:17","date_gmt":"2023-03-23T13:53:17","guid":{"rendered":"http:\/\/localhost:10023\/piezas-de-excepcion\/"},"modified":"2024-11-05T10:46:07","modified_gmt":"2024-11-05T09:46:07","slug":"piezas-de-excepcion","status":"publish","type":"page","link":"https:\/\/albanu.mc\/es\/piezas-de-excepcion\/","title":{"rendered":"Piezas excepcionales"},"content":{"rendered":"<div class=\"GutText  GutContainer-full\"><div class=\"GutText-inner\"><div class=\"GutText-wysiwyg Content\"><h4 style=\"text-align: justify;\">Albanu: El Artesano de la Joyer\u00eda Artesanal Excepcional desde 1928<\/h4>\n<p style=\"text-align: justify;\">Durante casi un siglo, Albanu ha sido reconocida en el mundo de la joyer\u00eda por su artesan\u00eda incomparable en joyer\u00eda hecha a mano. Fundada en 1928, nuestra casa est\u00e1 comprometida con la creaci\u00f3n de piezas \u00fanicas que reflejan la individualidad y el estilo personal de nuestros clientes. Entre las muchas creaciones que salen de nuestro taller, las pulseras hechas a medida ocupan un lugar especial en nuestros corazones, ya que encarnan la m\u00e1xima expresi\u00f3n del arte de la joyer\u00eda.<\/p>\n<p>&nbsp;<\/p>\n<p style=\"text-align: justify;\">Nuestras pulseras hechas a medida son mucho m\u00e1s que un simple accesorio de moda. Son obras de arte personales, dise\u00f1adas para contar tu historia y capturar los momentos preciosos de tu vida. Cuando eliges Albanu para crear una pulsera a medida, entras en un mundo en el que se examina cada detalle y se tienen en cuenta todos los aspectos de tu sue\u00f1o de joyer\u00eda.<\/p>\n<\/div><\/div><\/div>\n\n<div class=\"GutCol2  GutContainer-full\"><div class=\"GutCol2-container\"><div class=\"GutCol2-wrap GutCol2-blocImage Left\"><picture class=\"GutCol2-picture\" ><img src = \"https:\/\/albanu.mc\/wp-content\/uploads\/2024\/06\/exceptional-510x588.jpg\" alt = \"exceptional\" \/><\/picture ><\/div ><div class=\"GutCol2-wrap GutCol2-blocTexteRight\"><div class=\"GutCol2-blocTexte--inner\"><div class=\"GutCol2-text Content\"><p style=\"text-align: justify;\">El proceso creativo comienza con una conversaci\u00f3n con usted, nuestro valioso cliente. Tu <strong>inspiraci\u00f3n<\/strong>, <strong>tus ideas<\/strong>, tus <strong>emociones<\/strong>, todo se tiene en cuenta para dise\u00f1ar una pulsera que refleje tu personalidad y estilo de vida. Nuestros joyeros artesanales trabajan en estrecha colaboraci\u00f3n con usted para comprender sus preferencias, tama\u00f1o, forma, color y requisitos de materiales. Ellos te guiar\u00e1n a trav\u00e9s de la amplia gama de posibilidades, desde metales preciosos como el oro y el platino hasta piedras preciosas y semipreciosas, para crear una pieza que realmente ser\u00e1 tuya.<\/p>\n<p>&nbsp;<\/p>\n<p style=\"text-align: justify;\">Cada paso del proceso se realiza a mano, con una meticulosa atenci\u00f3n al detalle. Cada ajuste, cada pulido, cada ajuste se ejecuta con una habilidad sin igual. El resultado final es mucho m\u00e1s que una pulsera; Es una obra maestra que refleja su gusto personal y su historia \u00fanica. Las pulseras hechas a medida de Albanu est\u00e1n dise\u00f1adas para ser usadas y apreciadas durante toda la vida.<\/p>\n<\/div><\/div><\/div><\/div><\/div>\n\n<div class=\"GutQuote BgColor GutContainer-full\"><div class=\"GutQuote-content\"><div class=\"GutQuote-intro\">Una colecci\u00f3n de joyas raras y excepcionales.<\/div><div class=\"GutQuote-text Content\"><p style=\"text-align: justify;\">Descubra nuestros productos excepcionales, cada pieza ha sido hecha a medida a petici\u00f3n de nuestros clientes. Albanu le hace descubrir su excepcional saber hacer con productos hechos a mano en nuestro taller desde 1928, lo que le ha valido a la casa el proveedor patentado de S.A.S. el Pr\u00edncipe de <a href=\"https:\/\/palais.mc\/fr\/maison-souveraine\/organisation-administrative-1-23.html\" target=\"_blank\" rel=\"noopener\">M\u00f3naco<\/a>.<\/p>\n<p>&nbsp;<\/p>\n<p style=\"text-align: center;\"><a class=\"HomeProduits-button Button-primary\" href=\"https:\/\/albanu.mc\/es\/contacto\/\">Cont\u00e1ctenos<\/a><\/p>\n<\/div><\/div><\/div>\n\n<div class=\"GutGallery  GutContainer-full\"><div class=\"GutTitle Center\"> <span class=\"GutTitle-title\">Modelos exclusivos<\/span><\/div><div class=\"GutGallery-container three_column __gallery\" id=\"gallery_69e2cc11202e2\" data-galleryid=\"gallery_69e2cc11202e2\"><a class=\"GutGallery-item\" href=\"https:\/\/albanu.mc\/wp-content\/uploads\/2023\/09\/esm4.jpg\" data-lg-size=\"https:\/\/albanu.mc\/wp-content\/uploads\/2023\/09\/esm4.jpg\" data-sub-html=\"\"><picture class=\"GutGallery-pic\"><img decoding=\"async\" class=\"GutGallery-img\" src=\"https:\/\/albanu.mc\/wp-content\/uploads\/2023\/09\/esm4.jpg\" alt=\"Mod\u00e8le r\u00e9alis\u00e9 \u00e0 la demande du groupe Edmond de Rothschild pour le polo sur neige de Meg\u00e8ve\"><\/picture><\/a><a class=\"GutGallery-item\" href=\"https:\/\/albanu.mc\/wp-content\/uploads\/2024\/01\/el-excep.jpg\" data-lg-size=\"https:\/\/albanu.mc\/wp-content\/uploads\/2024\/01\/el-excep.jpg\" data-sub-html=\"\"><picture class=\"GutGallery-pic\"><img decoding=\"async\" class=\"GutGallery-img\" src=\"https:\/\/albanu.mc\/wp-content\/uploads\/2024\/01\/el-excep-436x436.jpg\" alt=\"Bracelet en poil d'\u00e9l\u00e9phant, diamants, rubis, \u00e9meraude et saphir, r\u00e9alis\u00e9 pour Madlords\"><\/picture><\/a><a class=\"GutGallery-item\" href=\"https:\/\/albanu.mc\/wp-content\/uploads\/2023\/09\/esm1.jpg\" data-lg-size=\"https:\/\/albanu.mc\/wp-content\/uploads\/2023\/09\/esm1.jpg\" data-sub-html=\"\"><picture class=\"GutGallery-pic\"><img decoding=\"async\" class=\"GutGallery-img\" src=\"https:\/\/albanu.mc\/wp-content\/uploads\/2023\/09\/esm1.jpg\" alt=\"Mod\u00e8le d\u2019exception en platine et diamant noir avec crin du cheval d\u2019un Emire du Quatar\"><\/picture><\/a><a class=\"GutGallery-item\" href=\"https:\/\/albanu.mc\/wp-content\/uploads\/2023\/10\/pe1.jpg\" data-lg-size=\"https:\/\/albanu.mc\/wp-content\/uploads\/2023\/10\/pe1.jpg\" data-sub-html=\"\"><picture class=\"GutGallery-pic\"><img decoding=\"async\" class=\"GutGallery-img\" src=\"https:\/\/albanu.mc\/wp-content\/uploads\/2023\/10\/pe1-436x436.jpg\" alt=\"Bracelet avec fermoir en or 18K (19 g) et diamants (0,22ct) blancs associ\u00e9s \u00e0 une tresse en poil d'\u00e9l\u00e9phant et or 18K (8g), et une largeur de 20mm.\"><\/picture><\/a><a class=\"GutGallery-item\" href=\"https:\/\/albanu.mc\/wp-content\/uploads\/2023\/10\/pe3.jpg\" data-lg-size=\"https:\/\/albanu.mc\/wp-content\/uploads\/2023\/10\/pe3.jpg\" data-sub-html=\"\"><picture class=\"GutGallery-pic\"><img decoding=\"async\" class=\"GutGallery-img\" src=\"https:\/\/albanu.mc\/wp-content\/uploads\/2023\/10\/pe3-436x436.jpg\" alt=\"Bague solitaire en Or Blanc 18K (10g), Diamant 3,15ct (couleur RW-F, clart\u00e9 WS2, FVVS2).\"><\/picture><\/a><a class=\"GutGallery-item\" href=\"https:\/\/albanu.mc\/wp-content\/uploads\/2023\/10\/pe2.jpg\" data-lg-size=\"https:\/\/albanu.mc\/wp-content\/uploads\/2023\/10\/pe2.jpg\" data-sub-html=\"\"><picture class=\"GutGallery-pic\"><img decoding=\"async\" class=\"GutGallery-img\" src=\"https:\/\/albanu.mc\/wp-content\/uploads\/2023\/10\/pe2-436x436.jpg\" alt=\"Bracelet en poil d'\u00e9l\u00e9phant avec fermoir en or 18K et diamants blancs associ\u00e9s de cinq attaches en or 18K et diamants.\"><\/picture><\/a><\/div><\/div>","protected":false},"excerpt":{"rendered":"","protected":false},"author":1,"featured_media":0,"parent":0,"menu_order":0,"comment_status":"closed","ping_status":"closed","template":"","meta":{"_acf_changed":false,"inline_featured_image":false,"footnotes":""},"class_list":["post-12080","page","type-page","status-publish","hentry"],"acf":[],"_links":{"self":[{"href":"https:\/\/albanu.mc\/es\/wp-json\/wp\/v2\/pages\/12080","targetHints":{"allow":["GET"]}}],"collection":[{"href":"https:\/\/albanu.mc\/es\/wp-json\/wp\/v2\/pages"}],"about":[{"href":"https:\/\/albanu.mc\/es\/wp-json\/wp\/v2\/types\/page"}],"author":[{"embeddable":true,"href":"https:\/\/albanu.mc\/es\/wp-json\/wp\/v2\/users\/1"}],"replies":[{"embeddable":true,"href":"https:\/\/albanu.mc\/es\/wp-json\/wp\/v2\/comments?post=12080"}],"version-history":[{"count":5,"href":"https:\/\/albanu.mc\/es\/wp-json\/wp\/v2\/pages\/12080\/revisions"}],"predecessor-version":[{"id":14312,"href":"https:\/\/albanu.mc\/es\/wp-json\/wp\/v2\/pages\/12080\/revisions\/14312"}],"wp:attachment":[{"href":"https:\/\/albanu.mc\/es\/wp-json\/wp\/v2\/media?parent=12080"}],"curies":[{"name":"wp","href":"https:\/\/api.w.org\/{rel}","templated":true}]}}