{"id":12076,"date":"2023-03-23T14:51:11","date_gmt":"2023-03-23T13:51:11","guid":{"rendered":"http:\/\/localhost:10023\/origen\/"},"modified":"2024-12-02T16:06:50","modified_gmt":"2024-12-02T15:06:50","slug":"origen","status":"publish","type":"page","link":"https:\/\/albanu.mc\/es\/compromiso\/origen\/","title":{"rendered":"Origen"},"content":{"rendered":"<div class=\"GutCol2  GutContainer-full\"><div class=\"GutCol2-container\"><div class=\"GutCol2-wrap GutCol2-blocTexteLeft\"><div class=\"GutCol2-blocTexte--inner\"><div class=\"GutCol2-text Content\"><h6 style=\"text-align: justify;\">Creaciones \u00e9ticas<\/h6>\n<h4 style=\"text-align: justify;\">El origen de las materias primas<\/h4>\n<p style=\"text-align: justify;\">La artesan\u00eda a veces ofrece combinar la creatividad desenfrenada con la destreza t\u00e9cnica, celebrando el saber hacer humano. Esto es lo que sucede cuando las manos de los artesanos de la Maison Albanu trabajan alrededor de la crin de elefante delicadamente cosechada de la tierra para respetar una \u00e9tica de trabajo original que combina un enfoque no violento y un aut\u00e9ntico homenaje a este animal tot\u00e9mico.<\/p>\n<p style=\"text-align: justify;\">Con su propia<a href=\"https:\/\/cites.org\/eng\/disc\/what.php\" target=\"_blank\" rel=\"noopener\"> CITES,<\/a> cada creaci\u00f3n de los talleres de Albanu recibe la m\u00e1s estricta garant\u00eda de procedencia de la Convenci\u00f3n de Washington que regula el comercio de especies protegidas.<\/p>\n<p style=\"text-align: justify;\">Las pulseras Albanu van acompa\u00f1adas de una garant\u00eda de origen sobre cada uno de los materiales naturales utilizados en su fabricaci\u00f3n, es decir:<br \/>\n\u00b7 El pelo de <a href=\"https:\/\/albanu.mc\/es\/boutique\/pulseras\/pulsera-de-pelo-de-elefante\/\">elefante<\/a> y <a href=\"https:\/\/albanu.mc\/es\/boutique\/pulseras\/pulsera-de-pelo-de-jirafa\/\">jirafa<\/a> proviene de 4 pa\u00edses africanos (Sud\u00e1frica, Namibia, Zimbabue y Botsuana).<br \/>\n<a href=\"https:\/\/albanu.mc\/es\/boutique\/pulseras\/pulsera-de-crin-de-caballo\/\">Crin de caballo<\/a> originaria de Mongolia<br \/>\n\u00b7 <a href=\"https:\/\/albanu.mc\/es\/boutique\/pulseras\/pulsera-cuerno-de-bufalo\/\">Cuerno de b\u00fafalo<\/a> de cr\u00eda vietnamita<\/p>\n<p style=\"text-align: justify;\">Desde el equipo de ventas hasta la direcci\u00f3n de Albanu, todos los empleados de la Maison se unen a sus artesanos para expresar un orgullo com\u00fan, nacido de una base de valores coronados por una est\u00e9tica \u00fanica: los de las eternas pulseras de pelo de elefante de la suerte.<\/p>\n<\/div><\/div><\/div><div class=\"GutCol2-wrap GutCol2-blocImage Right\"><picture class=\"GutCol2-picture\" ><img src = \"https:\/\/albanu.mc\/wp-content\/uploads\/2023\/06\/Sans-titre-19.jpg\" alt = \"origin \/ provenance\" \/><\/picture ><\/div ><\/div><\/div>\n\n<div class=\"GutImage  GutContainer-full\"><div class=\"GutImage-container\"><picture class=\"GutImage-pic\"><source srcset=\"https:\/\/albanu.mc\/wp-content\/uploads\/2023\/06\/20-768x360.jpg\" media=\"(max-width: 768px)\"><source srcset=\"https:\/\/albanu.mc\/wp-content\/uploads\/2023\/06\/20-992x465.jpg\" media=\"(max-width: 992px)\"><source srcset=\"https:\/\/albanu.mc\/wp-content\/uploads\/2023\/06\/20.jpg\" media=\"(min-width: 993px)\"><img decoding=\"async\" class=\"GutImage-img\" src=\"https:\/\/albanu.mc\/wp-content\/uploads\/2023\/06\/20.jpg\" alt=\"provenance \/ origin\" \/><\/picture><div class=\"GutImage-creditphoto\">\u00a9 Margaux Claret<\/div><\/div><\/div>","protected":false},"excerpt":{"rendered":"","protected":false},"author":1,"featured_media":0,"parent":12086,"menu_order":0,"comment_status":"closed","ping_status":"closed","template":"","meta":{"_acf_changed":false,"inline_featured_image":false,"footnotes":""},"class_list":["post-12076","page","type-page","status-publish","hentry"],"acf":[],"_links":{"self":[{"href":"https:\/\/albanu.mc\/es\/wp-json\/wp\/v2\/pages\/12076","targetHints":{"allow":["GET"]}}],"collection":[{"href":"https:\/\/albanu.mc\/es\/wp-json\/wp\/v2\/pages"}],"about":[{"href":"https:\/\/albanu.mc\/es\/wp-json\/wp\/v2\/types\/page"}],"author":[{"embeddable":true,"href":"https:\/\/albanu.mc\/es\/wp-json\/wp\/v2\/users\/1"}],"replies":[{"embeddable":true,"href":"https:\/\/albanu.mc\/es\/wp-json\/wp\/v2\/comments?post=12076"}],"version-history":[{"count":3,"href":"https:\/\/albanu.mc\/es\/wp-json\/wp\/v2\/pages\/12076\/revisions"}],"predecessor-version":[{"id":14688,"href":"https:\/\/albanu.mc\/es\/wp-json\/wp\/v2\/pages\/12076\/revisions\/14688"}],"up":[{"embeddable":true,"href":"https:\/\/albanu.mc\/es\/wp-json\/wp\/v2\/pages\/12086"}],"wp:attachment":[{"href":"https:\/\/albanu.mc\/es\/wp-json\/wp\/v2\/media?parent=12076"}],"curies":[{"name":"wp","href":"https:\/\/api.w.org\/{rel}","templated":true}]}}