{"id":12071,"date":"2023-03-23T14:50:06","date_gmt":"2023-03-23T13:50:06","guid":{"rendered":"http:\/\/localhost:10023\/albanu-fundacion-de-fauna-de-la-fauna\/"},"modified":"2025-07-10T16:52:35","modified_gmt":"2025-07-10T14:52:35","slug":"albanu-fundacion-de-fauna-de-la-fauna","status":"publish","type":"page","link":"https:\/\/albanu.mc\/es\/compromiso\/albanu-fundacion-de-fauna-de-la-fauna\/","title":{"rendered":"Fundaci\u00f3n de Vida Silvestre de Albanu"},"content":{"rendered":"<div class=\"GutCol2  GutContainer-full\"><div class=\"GutCol2-container\"><div class=\"GutCol2-wrap GutCol2-blocImage Right\"><picture class=\"GutCol2-picture\" ><img src = \"\" alt = \"Albanu Wildlife Foundation\" \/><\/picture ><span class=\"GutCol2-credit\" > \u00a9 Margaux Claret<\/span><\/div ><\/div><\/div><div class=\"GutQuote BgColor GutContainer-full\"><div class=\"GutQuote-content\"><div class=\"GutQuote-intro\">Raz\u00f3n de ser<\/div><div class=\"GutQuote-text Content\"><p style=\"text-align: justify;\">M\u00e1s all\u00e1 del extraordinario simbolismo del elefante africano, es la profunda preocupaci\u00f3n por la amenaza de extinci\u00f3n de esta majestuosa criatura, cuya supervivencia es crucial para un ecosistema fr\u00e1gil, lo que ha fortalecido la determinaci\u00f3n de la Fundaci\u00f3n de Vida Silvestre de Albanu, incluso empuj\u00e1ndola a redoblar sus esfuerzos. Lo que comenz\u00f3 como una iniciativa para salvar y facilitar la adaptaci\u00f3n de los paquidermos africanos a una forma de vida en armon\u00eda con las especies circundantes, incluida la humanidad, se ha convertido en una misi\u00f3n m\u00e1s amplia, que abarca la protecci\u00f3n de todas las especies en peligro de extinci\u00f3n en el continente africano. Por lo tanto, la Fundaci\u00f3n est\u00e1 comprometida con la salvaguardia de la biodiversidad africana en su conjunto.  <\/p>\n<p style=\"text-align: left;\">\n<\/div><\/div><\/div><div class=\"GutVideo \"><div class=\"GutContainer-full\"><div class=\"GutVideo-inner __video_parent\"><picture class=\"GutVideo-pic __video_open\"><source srcset=\"https:\/\/albanu.mc\/wp-content\/uploads\/2024\/02\/Sans-titre-3-1-768x433.png\" media=\"(max-width: 768px)\"><source srcset=\"https:\/\/albanu.mc\/wp-content\/uploads\/2024\/02\/Sans-titre-3-1-992x559.png\" media=\"(max-width: 992px)\"><source srcset=\"https:\/\/albanu.mc\/wp-content\/uploads\/2024\/02\/Sans-titre-3-1.png\" media=\"(min-width: 993px)\"><img decoding=\"async\" class=\"GutVideo-img\" src=\"https:\/\/albanu.mc\/wp-content\/uploads\/2024\/02\/Sans-titre-3-1.png\" alt=\"Albanu Wildlife Foundation \/ Engagement\" \/><\/picture><video class=\"GutVideo-in __video_in\" controls><source src=\"https:\/\/albanu.mc\/wp-content\/uploads\/2024\/02\/AWF-FR.mp4\" type=\"video\/mp4\"><\/video><\/div><\/div><\/div><div class=\"GutInformations GutContainer-full \"><div class=\"GutInformations-container\"><div class=\"GutInformations-list\"><div class=\"GutInformations-wrap\"><span class=\"GutInformations-textLarge\">415 000<\/span><p class=\"GutInformations-title\">Poblaci\u00f3n de elefantes africanos<\/p><p class=\"GutInformations-text\">Alrededor del 90 por ciento de los elefantes de \u00c1frica han sido exterminados en el \u00faltimo siglo, en gran parte debido al comercio de marfil, dejando vivos a unos 415.000 elefantes salvajes en la actualidad.<\/p><\/div><div class=\"GutInformations-wrap\"><picture class=\"GutInformations-picture\"><img decoding=\"async\" src=\"https:\/\/albanu.mc\/wp-content\/uploads\/2023\/06\/Sans-titre-15.jpg\" alt=\"Sans-titre-15\" \/><\/picture><p class=\"GutInformations-title\">Gigantes gentiles<\/p><p class=\"GutInformations-text\">El elefante africano es el mam\u00edfero terrestre m\u00e1s grande del mundo, con machos que miden una media de hasta 3 metros de altura y pesan hasta 6 toneladas.<\/p><\/div><div class=\"GutInformations-wrap\"><span class=\"GutInformations-textLarge\">\u2243 30.000<\/span><p class=\"GutInformations-title\">Caza furtiva<\/p><p class=\"GutInformations-text\">Cada a\u00f1o, se estima que entre 20.000 y 30.000 elefantes son cazados furtivamente. Esto impide que la especie se renueve con normalidad y las poblaciones disminuyen dr\u00e1sticamente. <\/p><\/div><\/div><\/div><\/div><div class=\"GutCol2  GutContainer-full\"><div class=\"GutCol2-container\"><div class=\"GutCol2-wrap GutCol2-blocImage Right\"><picture class=\"GutCol2-picture\" ><img src = \"\" alt = \"Albanu Wildlife Foundation elephant tracker\" \/><\/picture ><span class=\"GutCol2-credit\" > \u00a9 Margaux Claret<\/span><\/div ><\/div><\/div><div class=\"GutCol2  GutContainer-full\"><div class=\"GutCol2-container\"><div class=\"GutCol2-wrap GutCol2-blocImage Left\"><picture class=\"GutCol2-picture\" ><img src = \"\" alt = \"Albanu Wildlife Foundation trackers on elephant\" \/><\/picture ><span class=\"GutCol2-credit\" > \u00a9 Margaux Claret<\/span><\/div ><\/div><\/div>","protected":false},"excerpt":{"rendered":"","protected":false},"author":1,"featured_media":0,"parent":12086,"menu_order":0,"comment_status":"closed","ping_status":"closed","template":"","meta":{"_acf_changed":false,"inline_featured_image":false,"footnotes":""},"class_list":["post-12071","page","type-page","status-publish","hentry"],"acf":[],"_links":{"self":[{"href":"https:\/\/albanu.mc\/es\/wp-json\/wp\/v2\/pages\/12071","targetHints":{"allow":["GET"]}}],"collection":[{"href":"https:\/\/albanu.mc\/es\/wp-json\/wp\/v2\/pages"}],"about":[{"href":"https:\/\/albanu.mc\/es\/wp-json\/wp\/v2\/types\/page"}],"author":[{"embeddable":true,"href":"https:\/\/albanu.mc\/es\/wp-json\/wp\/v2\/users\/1"}],"replies":[{"embeddable":true,"href":"https:\/\/albanu.mc\/es\/wp-json\/wp\/v2\/comments?post=12071"}],"version-history":[{"count":5,"href":"https:\/\/albanu.mc\/es\/wp-json\/wp\/v2\/pages\/12071\/revisions"}],"predecessor-version":[{"id":18340,"href":"https:\/\/albanu.mc\/es\/wp-json\/wp\/v2\/pages\/12071\/revisions\/18340"}],"up":[{"embeddable":true,"href":"https:\/\/albanu.mc\/es\/wp-json\/wp\/v2\/pages\/12086"}],"wp:attachment":[{"href":"https:\/\/albanu.mc\/es\/wp-json\/wp\/v2\/media?parent=12071"}],"curies":[{"name":"wp","href":"https:\/\/api.w.org\/{rel}","templated":true}]}}