{"id":12066,"date":"2024-01-05T08:28:09","date_gmt":"2024-01-05T07:28:09","guid":{"rendered":"http:\/\/localhost:10023\/convencion-cites\/"},"modified":"2024-12-02T17:36:47","modified_gmt":"2024-12-02T16:36:47","slug":"convencion-cites","status":"publish","type":"page","link":"https:\/\/albanu.mc\/es\/convencion-cites\/","title":{"rendered":"CITES"},"content":{"rendered":"<div class=\"GutAccordions  GutContainer-full\"><div class=\"GutAccordions-inner\"><div class=\"GutTitle Left\"> <span class=\"GutTitle-title\">La CITES<\/span><\/div><div class=\"GutAccordions-list\" ><div class=\"GutAccordions-item __accordion-parent\" ><div class=\"GutAccordions-title __accordion-link\" >\u00bfQu\u00e9 es la Convenci\u00f3n de Washington?<\/div><div class=\"GutAccordions-text Content __accordion-content\" ><h5 style=\"text-align: justify;\">CITES &#8211; Convenci\u00f3n de Washington<\/h5>\n<p style=\"text-align: justify;\"><strong><a href=\"https:\/\/cites.org\/eng\/disc\/what.php\" target=\"_blank\" rel=\"noopener\">La CITES<\/a> <\/strong>(Convenci\u00f3n sobre el Comercio Internacional de Especies Amenazadas de Fauna y Flora Silvestres o Convenci\u00f3n de Washington) es un <strong>acuerdo internacional entre Estados<\/strong>, adoptado el 3 de marzo de 1973 y que entr\u00f3 en vigor en 1975.<\/p>\n<p style=\"text-align: justify;\">Su objetivo es <strong>garantizar que el comercio internacional<\/strong> de espec\u00edmenes de animales y plantas silvestres <strong>no amenace la supervivencia de las especies a las <\/strong>que pertenecen. Para ello, utiliza un sistema de permisos y certificados emitidos bajo ciertas condiciones. <\/p>\n<p style=\"text-align: justify;\">En la actualidad, m\u00e1s de <strong>5.950 especies animales, incluidos<\/strong> <strong>los elefantes<\/strong> , y 32.800 especies de plantas est\u00e1n <strong>protegidas por la CITES<\/strong> contra la sobreexplotaci\u00f3n para impulsar el comercio internacional.<\/p>\n<p style=\"text-align: justify;\">\n<\/div><\/div><div class=\"GutAccordions-item __accordion-parent\" ><div class=\"GutAccordions-title __accordion-link\" >\u00bfCu\u00e1les son los criterios que cumple Albanu para obtener CITES?  <\/div><div class=\"GutAccordions-text Content __accordion-content\" ><p style=\"text-align: justify;\">Las creaciones de pelo de elefante y jirafa creadas por Albanu cumplen los tres criterios enumerados en los anexos de la Convenci\u00f3n, que son:<\/p>\n<p style=\"text-align: justify;\"><strong>1. LEGALIDAD <\/strong><\/p>\n<p style=\"text-align: justify;\">El pelo se obtiene de acuerdo con las leyes y reglamentos nacionales que rigen la protecci\u00f3n de la fauna y la flora.<\/p>\n<p style=\"text-align: justify;\">Para cada trenza de pelo de elefante, Albanu emite un aviso de adquisici\u00f3n legal para confirmar su naturaleza autorizada y certifica que el pelo no proviene de la caza furtiva.<\/p>\n<p style=\"text-align: justify;\"><strong>2. SOSTENIBILIDAD <\/strong><\/p>\n<p style=\"text-align: justify;\">Albanu emite un dictamen de no detrimento para cada creaci\u00f3n de pelo de elefante: pruebas sobre bases biol\u00f3gicas que confirman que el comercio de pelo de elefante es sostenible y no ser\u00e1 perjudicial para la supervivencia de los elefantes y que tiene en cuenta el papel que desempe\u00f1an los elefantes en el ecosistema.<\/p>\n<p style=\"text-align: justify;\"><strong>3. TRAZABILIDAD <\/strong><\/p>\n<p style=\"text-align: justify;\">Albanu se asegura de que el comercio pueda ser rastreable a trav\u00e9s de la emisi\u00f3n y el control de los permisos y certificados adecuados.<\/p>\n<p style=\"text-align: justify;\"><a href=\"https:\/\/albanu.mc\/es\/boutique\/pulseras\/pulsera-de-pelo-de-elefante\/\">El pelo de elefante<\/a> proviene de 4 pa\u00edses africanos: Sud\u00e1frica, Namibia, Zimbabue y Botsuana.<\/p>\n<p style=\"text-align: justify;\">As\u00ed, una CITES acompa\u00f1a a cada creaci\u00f3n de pelo de elefante, documento que garantiza el compromiso de Albanu con el cumplimiento de la Convenci\u00f3n de Washington.<\/p>\n<\/div><\/div><div class=\"GutAccordions-item __accordion-parent\" ><div class=\"GutAccordions-title __accordion-link\" >\u00bfA qu\u00e9 nombre se debe expedir el permiso CITES?<\/div><div class=\"GutAccordions-text Content __accordion-content\" ><p>El permiso debe estar <strong>a nombre de la persona<\/strong> que llevar\u00e1 el brazalete\/accesorio de pelo de elefante o jirafa.<\/p>\n<p>Si va a comprar un regalo para un tercero, ind\u00edquenos el nombre del destinatario para que<strong> pueda emitirse con el nombre correcto<\/strong>.<\/p>\n<\/div><\/div><div class=\"GutAccordions-item __accordion-parent\" ><div class=\"GutAccordions-title __accordion-link\" >\u00bfTengo que conservar el permiso CITES?<\/div><div class=\"GutAccordions-text Content __accordion-content\" ><p>El permiso proporcionado por Albanu es un documento<strong> legal oficial<\/strong>. Debe tener el documento en <strong>su poder<\/strong> cuando viaje, ya que se puede solicitar en la aduana. El permiso es un <strong>documento \u00fanico<\/strong> proporcionado por el Ministerio de Medio Ambiente monegasco, <strong>no podemos volver a emitirlo<\/strong> en caso de p\u00e9rdida.  <\/p>\n<\/div><\/div><div class=\"GutAccordions-item __accordion-parent\" ><div class=\"GutAccordions-title __accordion-link\" >\u00bfCu\u00e1ndo se requiere una CITES?<\/div><div class=\"GutAccordions-text Content __accordion-content\" ><p style=\"font-weight: 400;\">El permiso CITES debe conservarse con su factura de compra y debe estar presente en la aduana cuando realice una instalaci\u00f3n fuera de la UE.<\/p>\n<\/div><\/div><\/div><\/div><\/div>\n\n<div class=\"GutImage  GutContainer-full\"><div class=\"GutImage-container\"><picture class=\"GutImage-pic\"><source srcset=\"https:\/\/albanu.mc\/wp-content\/uploads\/2024\/06\/CITES-768x360.jpg\" media=\"(max-width: 768px)\"><source srcset=\"https:\/\/albanu.mc\/wp-content\/uploads\/2024\/06\/CITES-992x465.jpg\" media=\"(max-width: 992px)\"><source srcset=\"https:\/\/albanu.mc\/wp-content\/uploads\/2024\/06\/CITES.jpg\" media=\"(min-width: 993px)\"><img decoding=\"async\" class=\"GutImage-img\" src=\"https:\/\/albanu.mc\/wp-content\/uploads\/2024\/06\/CITES.jpg\" alt=\"CITES convention\" \/><\/picture><div class=\"GutImage-creditphoto\">Margaux Claret<\/div><\/div><\/div>","protected":false},"excerpt":{"rendered":"","protected":false},"author":1,"featured_media":0,"parent":0,"menu_order":0,"comment_status":"closed","ping_status":"closed","template":"","meta":{"_acf_changed":false,"inline_featured_image":false,"footnotes":""},"class_list":["post-12066","page","type-page","status-publish","hentry"],"acf":[],"_links":{"self":[{"href":"https:\/\/albanu.mc\/es\/wp-json\/wp\/v2\/pages\/12066","targetHints":{"allow":["GET"]}}],"collection":[{"href":"https:\/\/albanu.mc\/es\/wp-json\/wp\/v2\/pages"}],"about":[{"href":"https:\/\/albanu.mc\/es\/wp-json\/wp\/v2\/types\/page"}],"author":[{"embeddable":true,"href":"https:\/\/albanu.mc\/es\/wp-json\/wp\/v2\/users\/1"}],"replies":[{"embeddable":true,"href":"https:\/\/albanu.mc\/es\/wp-json\/wp\/v2\/comments?post=12066"}],"version-history":[{"count":2,"href":"https:\/\/albanu.mc\/es\/wp-json\/wp\/v2\/pages\/12066\/revisions"}],"predecessor-version":[{"id":14701,"href":"https:\/\/albanu.mc\/es\/wp-json\/wp\/v2\/pages\/12066\/revisions\/14701"}],"wp:attachment":[{"href":"https:\/\/albanu.mc\/es\/wp-json\/wp\/v2\/media?parent=12066"}],"curies":[{"name":"wp","href":"https:\/\/api.w.org\/{rel}","templated":true}]}}