{"id":11178,"date":"2023-03-23T14:42:15","date_gmt":"2023-03-23T13:42:15","guid":{"rendered":"http:\/\/localhost:10023\/maison-albanu\/"},"modified":"2024-11-06T13:53:59","modified_gmt":"2024-11-06T12:53:59","slug":"casa-albanu","status":"publish","type":"page","link":"https:\/\/albanu.mc\/es\/casa-albanu\/","title":{"rendered":"Casa Albanu"},"content":{"rendered":"<div class=\"GutVideo BgColor\"><div class=\"GutContainer-full\"><div class=\"GutTitle Centro\"> <span class=\"GutTitle-title\">Fabricante de joyer\u00eda de lujo<\/span><\/div><div class=\"GutVideo-inner __video_parent\"><picture class=\"GutVideo-pic __video_open\"><source srcset=\"https:\/\/albanu.mc\/wp-content\/uploads\/2023\/12\/savoir-768x433.jpg\" media=\"(max-width: 768px)\"><source srcset=\"https:\/\/albanu.mc\/wp-content\/uploads\/2023\/12\/savoir-992x559.jpg\" media=\"(max-width: 992px)\"><source srcset=\"https:\/\/albanu.mc\/wp-content\/uploads\/2023\/12\/savoir.jpg\" media=\"(min-width: 993px)\"><img decoding=\"async\" class=\"GutVideo-img\" src=\"https:\/\/albanu.mc\/wp-content\/uploads\/2023\/12\/savoir.jpg\" alt=\"\" \/><\/picture><video class=\"GutVideo-in __video_in\" controls><source src=\"https:\/\/albanu.mc\/wp-content\/uploads\/2023\/12\/savoir-faire-1080p-HD-1080p.mp4\" type=\"video\/mp4\"><\/video><\/div><\/div><\/div><div class=\"GutText  GutContainer-full\"><div class=\"GutText-inner\"><div class=\"GutText-wysiwyg Content\"><h5 style=\"text-align: justify;\">Descubre Albanu, dise\u00f1ador de joyas en M\u00f3naco desde 1928.<\/h5>\n<p>&nbsp;<\/p>\n<p style=\"text-align: justify;\">Sum\u00e9rgete en el mundo \u00fanico de la joyer\u00eda artesanal, donde cada pieza cuenta una historia y refleja una tradici\u00f3n de excelencia transmitida de generaci\u00f3n en generaci\u00f3n. Albanu te ofrece creaciones excepcionales elaboradas con materiales raros y preciosos, como pelo de elefante, pelo de jirafa, cuerno de b\u00fafalo, crin de caballo, cuero de manzana, pelo de mamut y perlas de Tahit\u00ed. Estos materiales nobles, cuidadosamente seleccionados, se trabajan con una precisi\u00f3n y un cuidado incomparables, dando lugar a joyas de una belleza y una originalidad incomparables.  <\/p>\n<p style=\"text-align: justify;\">D\u00e9jate seducir por la autenticidad y el saber hacer de esta casa emblem\u00e1tica, s\u00edmbolo de elegancia y exclusividad. En Albanu, cada joya es una obra de arte, una expresi\u00f3n de refinamiento y pasi\u00f3n. Al elegir una creaci\u00f3n de Albanu, eliges lo excepcional, una pieza \u00fanica que cuenta una historia y encarna una tradici\u00f3n de calidad.  <\/p>\n<p style=\"text-align: justify;\">En 2020, Albanu cre\u00f3 la <a href=\"https:\/\/fr.thealbanufoundation.org\" target=\"_blank\" rel=\"noopener\">Albanu Wildlife Foundation<\/a>, una iniciativa dedicada a proteger a los elefantes y rinocerontes del sur de \u00c1frica. Consciente de la importancia de preservar estas majestuosas especies amenazadas por la caza furtiva y la p\u00e9rdida de su h\u00e1bitat, Albanu participa activamente en acciones concretas de conservaci\u00f3n. <\/p>\n<p style=\"text-align: justify;\">Para apoyar esta noble causa, Albanu dona entre el 10% y el 50% de las ventas de algunas de sus pulseras. Cada compra contribuye directamente a la protecci\u00f3n y supervivencia de estos emblem\u00e1ticos animales. De este modo, Albanu combina su experiencia en joyer\u00eda con una misi\u00f3n para preservar la biodiversidad, ofreciendo a sus clientes la oportunidad de llevar piezas \u00fanicas al tiempo que apoyan una causa esencial.  <\/p>\n<p style=\"text-align: justify;\">Al elegir una joya de Albanu, participas en una iniciativa \u00e9tica y solidaria para proteger a los elefantes y rinocerontes para las generaciones futuras. Descubre el compromiso de Albanu y forma parte de esta aventura dedicada a la conservaci\u00f3n de la vida salvaje. <\/p>\n<\/div><\/div><\/div>","protected":false},"excerpt":{"rendered":"","protected":false},"author":1,"featured_media":0,"parent":0,"menu_order":0,"comment_status":"closed","ping_status":"closed","template":"","meta":{"_acf_changed":false,"inline_featured_image":false,"footnotes":""},"class_list":["post-11178","page","type-page","status-publish","hentry"],"acf":[],"_links":{"self":[{"href":"https:\/\/albanu.mc\/es\/wp-json\/wp\/v2\/pages\/11178","targetHints":{"allow":["GET"]}}],"collection":[{"href":"https:\/\/albanu.mc\/es\/wp-json\/wp\/v2\/pages"}],"about":[{"href":"https:\/\/albanu.mc\/es\/wp-json\/wp\/v2\/types\/page"}],"author":[{"embeddable":true,"href":"https:\/\/albanu.mc\/es\/wp-json\/wp\/v2\/users\/1"}],"replies":[{"embeddable":true,"href":"https:\/\/albanu.mc\/es\/wp-json\/wp\/v2\/comments?post=11178"}],"version-history":[{"count":9,"href":"https:\/\/albanu.mc\/es\/wp-json\/wp\/v2\/pages\/11178\/revisions"}],"predecessor-version":[{"id":14421,"href":"https:\/\/albanu.mc\/es\/wp-json\/wp\/v2\/pages\/11178\/revisions\/14421"}],"wp:attachment":[{"href":"https:\/\/albanu.mc\/es\/wp-json\/wp\/v2\/media?parent=11178"}],"curies":[{"name":"wp","href":"https:\/\/api.w.org\/{rel}","templated":true}]}}