{"id":11176,"date":"2023-03-23T14:44:39","date_gmt":"2023-03-23T13:44:39","guid":{"rendered":"http:\/\/localhost:10023\/know-how\/"},"modified":"2024-11-05T10:42:55","modified_gmt":"2024-11-05T09:42:55","slug":"know-how","status":"publish","type":"page","link":"https:\/\/albanu.mc\/es\/casa-albanu\/know-how\/","title":{"rendered":"Know-how"},"content":{"rendered":"<div class=\"GutCol2  GutContainer-full\"><div class=\"GutCol2-container\"><div class=\"GutTitle Left\"> <span class=\"GutTitle-title\">Conocimientos \u00fanicos<\/span><\/div><div class=\"GutCol2-wrap GutCol2-blocTexteLeft\"><div class=\"GutCol2-blocTexte--inner\"><div class=\"GutCol2-text Content\"><h4>Descubra la experiencia de Albanu<\/h4>\n<p>\u00abCalidad, artesan\u00eda, devoci\u00f3n y respeto\u00bb es nuestro credo inquebrantable en Albanu, una filosof\u00eda aplicada rigurosamente por nuestros artesanos en cada etapa de sus creaciones. Estar \u00abfirmado Albanu\u00bb significa mucho m\u00e1s que poner nuestro nombre a una obra: es un compromiso con la excelencia, una promesa de calidad, autenticidad y simbolismo. Esta b\u00fasqueda de la perfecci\u00f3n refleja no s\u00f3lo nuestro respeto por nuestro fundador Ren\u00e9 Albanu, sino tambi\u00e9n nuestra devoci\u00f3n por perpetuar su herencia cultural. En Albanu, nuestros talleres son un escaparate del saber hacer, donde cada joya artesanal es testimonio de nuestra pasi\u00f3n por el oficio. Nuestro compromiso forja la confianza con nuestros socios y nos ha valido el honor de ser elegidos como proveedores patentados por prestigiosas instituciones, como la de Su Alteza Seren\u00edsima \u00abEl Pr\u00edncipe de M\u00f3naco\u00bb. Esta excelencia constante, que nos gu\u00eda <a href=\"https:\/\/albanu.mc\/es\/casa-albanu\/nuestra-historia\/\">desde 1928<\/a>, es fruto de nuestra uni\u00f3n colectiva en torno a los valores que apreciamos, garantizando que cada creaci\u00f3n Albanu sea un homenaje a la biodiversidad, celebrado con humildad y respeto.<\/p>\n<\/div><\/div><\/div><div class=\"GutCol2-wrap GutCol2-blocImage Right\"><picture class=\"GutCol2-picture\" ><img src = \"https:\/\/albanu.mc\/wp-content\/uploads\/2023\/11\/sf2.png\" alt = \"Savoir-Faire Albanu \/ Discover the know-how of Albanu\" \/><\/picture ><\/div ><\/div><\/div>\n\n<div class=\"GutVideo \"><div class=\"GutContainer\"><div class=\"GutVideo-inner __video_parent\"><picture class=\"GutVideo-pic __video_open\"><source srcset=\"https:\/\/albanu.mc\/wp-content\/uploads\/2023\/12\/savoir-768x433.jpg\" media=\"(max-width: 768px)\"><source srcset=\"https:\/\/albanu.mc\/wp-content\/uploads\/2023\/12\/savoir-992x559.jpg\" media=\"(max-width: 992px)\"><source srcset=\"https:\/\/albanu.mc\/wp-content\/uploads\/2023\/12\/savoir-1196x673.jpg\" media=\"(min-width: 993px)\"><img decoding=\"async\" class=\"GutVideo-img\" src=\"https:\/\/albanu.mc\/wp-content\/uploads\/2023\/12\/savoir-1196x673.jpg\" alt=\"\" \/><\/picture><video class=\"GutVideo-in __video_in\" controls><source src=\"https:\/\/albanu.mc\/wp-content\/uploads\/2023\/12\/savoir-faire-1080p-HD-1080p.mp4\" type=\"video\/mp4\"><\/video><\/div><\/div><\/div>\n\n<div class=\"GutCol2  GutContainer-full\"><div class=\"GutCol2-container\"><div class=\"GutTitle Right\"> <span class=\"GutTitle-title\">Joyas exclusivas<\/span><\/div><div class=\"GutCol2-wrap GutCol2-blocImage Left\"><picture class=\"GutCol2-picture\" ><img src = \"https:\/\/albanu.mc\/wp-content\/uploads\/2023\/11\/SFpage1.png\" alt = \"Savoir-Faire Albanu \/ Discover the know-how of Albanu\" \/><\/picture ><\/div ><div class=\"GutCol2-wrap GutCol2-blocTexteRight\"><div class=\"GutCol2-blocTexte--inner\"><div class=\"GutCol2-text Content\"><p>\u00abOriginalidad combinada con elegancia\u00bb, un principio establecido por Ren\u00e9 Albanu hace casi un siglo, sigue siendo el pilar de nuestra Casa.<br \/>\nFieles a esta visi\u00f3n, nuestra experiencia colectiva crea joyas \u00fanicas cada d\u00eda en nuestros talleres de M\u00f3naco, fusionando una variedad de materiales con tanto simbolismo como pasi\u00f3n.<\/p>\n<p>Del acero al oro, de la plata al platino, de las perlas de Tahit\u00ed a los diamantes, del pelo de elefante al pelo de jirafa, del pelo de caballo al cuerno de b\u00fafalo, del pelo de mamut al marfil: cada material contribuye a una sinfon\u00eda de creatividad donde la elegancia no conoce l\u00edmites y contribuye a la conservaci\u00f3n de nuestro planeta.<\/p>\n<p>Te ofrecemos la oportunidad de dise\u00f1ar una pieza a medida que refleje tu individualidad y nuestra experiencia, un reflejo de tu compromiso con nosotros.<\/p>\n<p>Trabajemos juntos para garantizar que nuestra \u00e9tica es intachable y que respetamos escrupulosamente los acuerdos sobre la conservaci\u00f3n de las especies salvajes, tanto de flora como de fauna. Hagamos nuestros los principios de <a href=\"https:\/\/cites.org\/eng\/disc\/what.php\" target=\"_blank\" rel=\"noopener\">la CITES<\/a>, dando forma a la armon\u00eda entre nuestras creaciones y nuestro profundo respeto por la biodiversidad, mientras podamos hacerlo, tanto para nosotros, ahora, como con orgullo para las generaciones venideras.<\/p>\n<\/div><\/div><\/div><\/div><\/div>","protected":false},"excerpt":{"rendered":"","protected":false},"author":1,"featured_media":0,"parent":11178,"menu_order":0,"comment_status":"closed","ping_status":"closed","template":"","meta":{"_acf_changed":false,"inline_featured_image":false,"footnotes":""},"class_list":["post-11176","page","type-page","status-publish","hentry"],"acf":[],"_links":{"self":[{"href":"https:\/\/albanu.mc\/es\/wp-json\/wp\/v2\/pages\/11176","targetHints":{"allow":["GET"]}}],"collection":[{"href":"https:\/\/albanu.mc\/es\/wp-json\/wp\/v2\/pages"}],"about":[{"href":"https:\/\/albanu.mc\/es\/wp-json\/wp\/v2\/types\/page"}],"author":[{"embeddable":true,"href":"https:\/\/albanu.mc\/es\/wp-json\/wp\/v2\/users\/1"}],"replies":[{"embeddable":true,"href":"https:\/\/albanu.mc\/es\/wp-json\/wp\/v2\/comments?post=11176"}],"version-history":[{"count":2,"href":"https:\/\/albanu.mc\/es\/wp-json\/wp\/v2\/pages\/11176\/revisions"}],"predecessor-version":[{"id":14308,"href":"https:\/\/albanu.mc\/es\/wp-json\/wp\/v2\/pages\/11176\/revisions\/14308"}],"up":[{"embeddable":true,"href":"https:\/\/albanu.mc\/es\/wp-json\/wp\/v2\/pages\/11178"}],"wp:attachment":[{"href":"https:\/\/albanu.mc\/es\/wp-json\/wp\/v2\/media?parent=11176"}],"curies":[{"name":"wp","href":"https:\/\/api.w.org\/{rel}","templated":true}]}}