{"id":5961,"date":"2023-03-23T14:53:17","date_gmt":"2023-03-23T13:53:17","guid":{"rendered":"https:\/\/www.albanu.mc\/exceptional-pieces\/"},"modified":"2025-02-10T16:14:30","modified_gmt":"2025-02-10T15:14:30","slug":"exceptional-pieces","status":"publish","type":"page","link":"https:\/\/albanu.mc\/en\/exceptional-pieces\/","title":{"rendered":"Exceptional pieces"},"content":{"rendered":"<div class=\"GutText  GutContainer-full\"><div class=\"GutText-inner\"><div class=\"GutText-intro Left\">\r\n<\/div><div class=\"GutText-wysiwyg Content\"><h4 style=\"text-align: justify;\">Albanu: The Artisan of Handmade Exceptional Jewelry Since 1928<\/h4>\n<p style=\"text-align: justify;\">For nearly a century, Albanu has been recognized in the jewelry world for its unparalleled expertise in custom jewelry. Founded in 1928, our house is committed to creating unique pieces that reflect the individuality and personal style of our customers. Among the many creations that come out of our workshop, custom bracelets occupy a special place in our heart, because they embody the ultimate expression of jewelry art.<\/p>\n<p>&nbsp;<\/p>\n<p style=\"text-align: justify;\">Our custom\u00a0wristbands are more than just a fashion accessory. They are personal works of art, designed to tell your story and capture the precious moments of your life. When you choose Albanu to create a bespoke bracelet, you enter a world where every detail is carefully considered, and every aspect of your jewelry dream is taken into account.<\/p>\n<\/div><\/div><\/div>\n\n<div class=\"GutCol2  GutContainer-full\"><div class=\"GutCol2-container\"><div class=\"GutCol2-wrap GutCol2-blocImage Left\"><picture class=\"GutCol2-picture\" ><img src = \"https:\/\/albanu.mc\/wp-content\/uploads\/2024\/06\/exceptional.jpg\" alt = \"exceptional\" \/><\/picture ><\/div ><div class=\"GutCol2-wrap GutCol2-blocTexteRight\"><div class=\"GutCol2-blocTexte--inner\"><div class=\"GutCol2-text Content\"><p style=\"text-align: justify;\">The creative process begins with a conversation with you, our valued customer. Your <strong>inspiration<\/strong>, your <strong>ideas<\/strong>, your <strong>emotions<\/strong>, everything is taken into account to design a bracelet that reflects your personality and lifestyle. Our jewellers work closely with you to understand your preferences, size, shape, color and material requirements. They will guide you through the wide range of possibilities, from precious metals like gold and platinum to precious and semi-precious stones, to create a piece that will truly be yours.<\/p>\n<p>&nbsp;<\/p>\n<p style=\"text-align: justify;\">Each step of the process is done by hand, with meticulous attention to detail. Each setting, each polishing, each adjustment is performed with unparalleled skill. The end result is more than just a bracelet; it\u2019s a masterpiece that reflects your personal taste and unique story. Albanu\u2019s custom bracelets are designed to be worn and cherished throughout your life.<\/p>\n<\/div><\/div><\/div><\/div><\/div>\n\n<div class=\"GutText  GutContainer-full\"><div class=\"GutText-inner\"><div class=\"GutText-wysiwyg Content\"><p style=\"text-align: justify;\">Since 1928, Albanu has had the privilege of collaborating with customers around the world to bring their jewelry dreams to life. We are honoured to continue this legacy of art and creativity, offering bespoke bracelets that are more than just jewelry, they are <strong>unique expressions of yourself<\/strong>. Join us on this adventure where the refinement of craftsmanship blends with the magic of emotions to create bracelets that captivate the soul.<\/p>\n<p>&nbsp;<\/p>\n<p>&nbsp;<\/p>\n<p style=\"text-align: center;\"><a class=\"HomeProduits-button Button-primary\" href=\"\/en\/contact-us\/\">Contact us<\/a><\/p>\n<\/div><\/div><\/div>\n\n<div class=\"GutQuote BgColor GutContainer-full\"><div class=\"GutQuote-content\"><div class=\"GutQuote-intro\">A collection of rare and unique jewelry.<\/div><div class=\"GutQuote-text Content\"><p style=\"text-align: justify;\">Discover our products, each piece has been custom-made at the request of our customers. Albanu makes you discover its exceptional know-how with handmade products made in our workshop since 1928, which earned the house to become the patented supplier of S.A.S. the Prince of <a href=\"https:\/\/palais.mc\/fr\/maison-souveraine\/organisation-administrative-1-23.html\" target=\"_blank\" rel=\"noopener\">Monaco<\/a>.<\/p>\n<\/div><\/div><\/div>\n\n<div class=\"GutGallery  GutContainer-full\"><div class=\"GutTitle Center\"> <span class=\"GutTitle-title\">Exclusive models<\/span><\/div><div class=\"GutGallery-container three_column __gallery\" id=\"gallery_69ed1275395f3\" data-galleryid=\"gallery_69ed1275395f3\"><a class=\"GutGallery-item\" href=\"https:\/\/albanu.mc\/wp-content\/uploads\/2023\/09\/esm4.jpg\" data-lg-size=\"https:\/\/albanu.mc\/wp-content\/uploads\/2023\/09\/esm4.jpg\" data-sub-html=\"\"><picture class=\"GutGallery-pic\"><img decoding=\"async\" class=\"GutGallery-img\" src=\"https:\/\/albanu.mc\/wp-content\/uploads\/2023\/09\/esm4.jpg\" alt=\"esm4\"><\/picture><\/a><a class=\"GutGallery-item\" href=\"https:\/\/albanu.mc\/wp-content\/uploads\/2024\/01\/el-excep.jpg\" data-lg-size=\"https:\/\/albanu.mc\/wp-content\/uploads\/2024\/01\/el-excep.jpg\" data-sub-html=\"\"><picture class=\"GutGallery-pic\"><img decoding=\"async\" class=\"GutGallery-img\" src=\"https:\/\/albanu.mc\/wp-content\/uploads\/2024\/01\/el-excep-436x436.jpg\" alt=\"Bracelet en poil d'\u00e9l\u00e9phant, diamants, rubis, \u00e9meraude et saphir, r\u00e9alis\u00e9 pour Madlords\"><\/picture><\/a><a class=\"GutGallery-item\" href=\"https:\/\/albanu.mc\/wp-content\/uploads\/2023\/09\/esm1.jpg\" data-lg-size=\"https:\/\/albanu.mc\/wp-content\/uploads\/2023\/09\/esm1.jpg\" data-sub-html=\"\"><picture class=\"GutGallery-pic\"><img decoding=\"async\" class=\"GutGallery-img\" src=\"https:\/\/albanu.mc\/wp-content\/uploads\/2023\/09\/esm1.jpg\" alt=\"esm1\"><\/picture><\/a><a class=\"GutGallery-item\" href=\"https:\/\/albanu.mc\/wp-content\/uploads\/2023\/10\/pe1.jpg\" data-lg-size=\"https:\/\/albanu.mc\/wp-content\/uploads\/2023\/10\/pe1.jpg\" data-sub-html=\"\"><picture class=\"GutGallery-pic\"><img decoding=\"async\" class=\"GutGallery-img\" src=\"https:\/\/albanu.mc\/wp-content\/uploads\/2023\/10\/pe1.jpg\" alt=\"pe1\"><\/picture><\/a><a class=\"GutGallery-item\" href=\"https:\/\/albanu.mc\/wp-content\/uploads\/2023\/10\/pe3.jpg\" data-lg-size=\"https:\/\/albanu.mc\/wp-content\/uploads\/2023\/10\/pe3.jpg\" data-sub-html=\"\"><picture class=\"GutGallery-pic\"><img decoding=\"async\" class=\"GutGallery-img\" src=\"https:\/\/albanu.mc\/wp-content\/uploads\/2023\/10\/pe3.jpg\" alt=\"pe3\"><\/picture><\/a><a class=\"GutGallery-item\" href=\"https:\/\/albanu.mc\/wp-content\/uploads\/2023\/10\/pe2.jpg\" data-lg-size=\"https:\/\/albanu.mc\/wp-content\/uploads\/2023\/10\/pe2.jpg\" data-sub-html=\"\"><picture class=\"GutGallery-pic\"><img decoding=\"async\" class=\"GutGallery-img\" src=\"https:\/\/albanu.mc\/wp-content\/uploads\/2023\/10\/pe2.jpg\" alt=\"pe2\"><\/picture><\/a><\/div><\/div>","protected":false},"excerpt":{"rendered":"","protected":false},"author":1,"featured_media":0,"parent":0,"menu_order":0,"comment_status":"closed","ping_status":"closed","template":"","meta":{"_acf_changed":false,"inline_featured_image":false,"footnotes":""},"class_list":["post-5961","page","type-page","status-publish","hentry"],"acf":[],"_links":{"self":[{"href":"https:\/\/albanu.mc\/en\/wp-json\/wp\/v2\/pages\/5961","targetHints":{"allow":["GET"]}}],"collection":[{"href":"https:\/\/albanu.mc\/en\/wp-json\/wp\/v2\/pages"}],"about":[{"href":"https:\/\/albanu.mc\/en\/wp-json\/wp\/v2\/types\/page"}],"author":[{"embeddable":true,"href":"https:\/\/albanu.mc\/en\/wp-json\/wp\/v2\/users\/1"}],"replies":[{"embeddable":true,"href":"https:\/\/albanu.mc\/en\/wp-json\/wp\/v2\/comments?post=5961"}],"version-history":[{"count":2,"href":"https:\/\/albanu.mc\/en\/wp-json\/wp\/v2\/pages\/5961\/revisions"}],"predecessor-version":[{"id":16354,"href":"https:\/\/albanu.mc\/en\/wp-json\/wp\/v2\/pages\/5961\/revisions\/16354"}],"wp:attachment":[{"href":"https:\/\/albanu.mc\/en\/wp-json\/wp\/v2\/media?parent=5961"}],"curies":[{"name":"wp","href":"https:\/\/api.w.org\/{rel}","templated":true}]}}